{"id":1118,"date":"2020-11-18T23:15:13","date_gmt":"2020-11-18T22:15:13","guid":{"rendered":"https:\/\/ale-okna.pl\/?page_id=1118"},"modified":"2020-11-22T20:12:24","modified_gmt":"2020-11-22T19:12:24","slug":"mb-70","status":"publish","type":"page","link":"https:\/\/ale-okna.pl\/?page_id=1118","title":{"rendered":"MB 70"},"content":{"rendered":"\t\t<div data-elementor-type=\"wp-page\" data-elementor-id=\"1118\" class=\"elementor elementor-1118\" data-elementor-settings=\"[]\">\n\t\t\t\t\t\t<div class=\"elementor-inner\">\n\t\t\t\t\t\t\t<div class=\"elementor-section-wrap\">\n\t\t\t\t\t\t\t<section class=\"elementor-section elementor-top-section elementor-element elementor-element-01f56a6 elementor-section-boxed elementor-section-height-default elementor-section-height-default\" data-id=\"01f56a6\" data-element_type=\"section\">\n\t\t\t\t\t\t<div class=\"elementor-container elementor-column-gap-default\">\n\t\t\t\t\t\t\t<div class=\"elementor-row\">\n\t\t\t\t\t<div class=\"elementor-column elementor-col-100 elementor-top-column elementor-element elementor-element-01e8098\" data-id=\"01e8098\" data-element_type=\"column\">\n\t\t\t<div class=\"elementor-column-wrap elementor-element-populated\">\n\t\t\t\t\t\t\t<div class=\"elementor-widget-wrap\">\n\t\t\t\t\t\t\t\t<\/div>\n\t\t\t\t\t<\/div>\n\t\t<\/div>\n\t\t\t\t\t\t\t\t<\/div>\n\t\t\t\t\t<\/div>\n\t\t<\/section>\n\t\t\t\t<section class=\"elementor-section elementor-top-section elementor-element elementor-element-4882c6e elementor-section-boxed elementor-section-height-default elementor-section-height-default\" data-id=\"4882c6e\" data-element_type=\"section\">\n\t\t\t\t\t\t<div class=\"elementor-container elementor-column-gap-default\">\n\t\t\t\t\t\t\t<div class=\"elementor-row\">\n\t\t\t\t\t<div class=\"elementor-column elementor-col-100 elementor-top-column elementor-element elementor-element-b098392\" data-id=\"b098392\" data-element_type=\"column\">\n\t\t\t<div class=\"elementor-column-wrap elementor-element-populated\">\n\t\t\t\t\t\t\t<div class=\"elementor-widget-wrap\">\n\t\t\t\t\t\t<div class=\"elementor-element elementor-element-2ab1d84 elementor-widget elementor-widget-page-title\" data-id=\"2ab1d84\" data-element_type=\"widget\" data-widget_type=\"page-title.default\">\n\t\t\t\t<div class=\"elementor-widget-container\">\n\t\t\t\t\t\n\t\t<div class=\"hfe-page-title hfe-page-title-wrapper elementor-widget-heading\">\n\n\t\t\t\t\t\t\t\t\t\t\t<a href=\"https:\/\/ale-okna.pl\">\n\t\t\t\t\t\t<h3 class=\"elementor-heading-title elementor-size-default\">\n\t\t\t\t\t\t\t\t\n\t\t\t\tMB 70  \n\t\t\t<\/h3 > \n\t\t\t\t\t\t\t\t\t<\/a>\n\t\t\t\t\t<\/div>\n\t\t\t\t<\/div>\n\t\t\t\t<\/div>\n\t\t\t\t\t\t<\/div>\n\t\t\t\t\t<\/div>\n\t\t<\/div>\n\t\t\t\t\t\t\t\t<\/div>\n\t\t\t\t\t<\/div>\n\t\t<\/section>\n\t\t\t\t<section class=\"elementor-section elementor-top-section elementor-element elementor-element-86e8bfb elementor-section-boxed elementor-section-height-default elementor-section-height-default\" data-id=\"86e8bfb\" data-element_type=\"section\">\n\t\t\t\t\t\t<div class=\"elementor-container elementor-column-gap-default\">\n\t\t\t\t\t\t\t<div class=\"elementor-row\">\n\t\t\t\t\t<div class=\"elementor-column elementor-col-50 elementor-top-column elementor-element elementor-element-7e147a0\" data-id=\"7e147a0\" data-element_type=\"column\">\n\t\t\t<div class=\"elementor-column-wrap elementor-element-populated\">\n\t\t\t\t\t\t\t<div class=\"elementor-widget-wrap\">\n\t\t\t\t\t\t<div class=\"elementor-element elementor-element-b64d496 elementor-widget elementor-widget-text-editor\" data-id=\"b64d496\" data-element_type=\"widget\" data-widget_type=\"text-editor.default\">\n\t\t\t\t<div class=\"elementor-widget-container\">\n\t\t\t\t\t\t\t\t<div class=\"elementor-text-editor elementor-clearfix\">\n\t\t\t\t<p>Okna systemu MB-70\u00a0mog\u0105 by\u0107 wykorzystywane\u00a0 zar\u00f3wno w zabudowie indywidualnej, jak i w fasadach aluminiowych.<\/p><p><strong>Profile <\/strong>systemu MB70 maj\u0105 budow\u0119 tr\u00f3jkomorow\u0105 o g\u0142\u0119boko\u015bci konstrukcyjnej kszta\u0142townik\u00f3w okna wynosz\u0105cej: 70 mm (o\u015bcie\u017cnica), 79 mm (skrzyd\u0142o) z przegrod\u0105 termiczn\u0105 wykonan\u0105 z poliamidu wzmocnionego w\u0142\u00f3knem szklanym.<\/p><p>Dost\u0119pne <strong>pakiety szybowe do 50 mm.<\/strong> W standardzie pakiet szybowy jednokomorowy. Mo\u017cliwo\u015b\u0107 zastosowania szyb o podwy\u017cszonej izolacyjno\u015bci akustycznej, hartowanych, bezpiecznych, antyw\u0142amaniowych, ornamentowych, przeciws\u0142onecznych.\u00a0<\/p><p>W standardzie ramka stalowa ocynkowana. Opcjonalnie ramka Swisspacer Ultimate dost\u0119pna w r\u00f3\u017cnorodnych opcjach kolorystycznych.<\/p><p>Kolorystyka wed\u0142ug palety RAL oraz pow\u0142oki drewnopodobne wg Aluprof ColorCollection.<\/p><p>Szczelno\u015b\u0107 zapewniona jest dzi\u0119ki stosowaniu specjalnych uszczelek z dwukomponentowego kauczuku syntetycznego EPDM: litego i kom\u00f3rkowego, kt\u00f3ry gwarantuje odporno\u015b\u0107 na starzenie podczas wieloletniej eksploatacji oraz bardzo dobr\u0105 izolacyjno\u015b\u0107 termiczn\u0105.<\/p><p>Okucia MACO MULTI MATIC KS. \u00a0W standardzie dwa zaczepy antywywa\u017ceniowe. Okno wyposa\u017cone w blokad\u0119 b\u0142\u0119dnego po\u0142o\u017cenia klamki i podno\u015bnik skrzyd\u0142a. Mikrowentylacja w rozw\u00f3rce.<\/p>\t\t\t\t\t<\/div>\n\t\t\t\t\t\t<\/div>\n\t\t\t\t<\/div>\n\t\t\t\t\t\t<\/div>\n\t\t\t\t\t<\/div>\n\t\t<\/div>\n\t\t\t\t<div class=\"elementor-column elementor-col-50 elementor-top-column elementor-element elementor-element-f8402a5\" data-id=\"f8402a5\" data-element_type=\"column\">\n\t\t\t<div class=\"elementor-column-wrap elementor-element-populated\">\n\t\t\t\t\t\t\t<div class=\"elementor-widget-wrap\">\n\t\t\t\t\t\t<div class=\"elementor-element elementor-element-2a148f1 elementor-widget elementor-widget-image\" data-id=\"2a148f1\" data-element_type=\"widget\" data-widget_type=\"image.default\">\n\t\t\t\t<div class=\"elementor-widget-container\">\n\t\t\t\t\t\t\t\t<div class=\"elementor-image\">\n\t\t\t\t\t\t\t\t\t\t\t\t<img width=\"768\" height=\"768\" src=\"https:\/\/ale-okna.pl\/wp-content\/uploads\/2020\/10\/MB-70-RAL-5017-768x768.png\" class=\"attachment-medium_large size-medium_large\" alt=\"\" loading=\"lazy\" srcset=\"https:\/\/ale-okna.pl\/wp-content\/uploads\/2020\/10\/MB-70-RAL-5017-768x768.png 768w, https:\/\/ale-okna.pl\/wp-content\/uploads\/2020\/10\/MB-70-RAL-5017-300x300.png 300w, https:\/\/ale-okna.pl\/wp-content\/uploads\/2020\/10\/MB-70-RAL-5017-1024x1024.png 1024w, https:\/\/ale-okna.pl\/wp-content\/uploads\/2020\/10\/MB-70-RAL-5017-150x150.png 150w, https:\/\/ale-okna.pl\/wp-content\/uploads\/2020\/10\/MB-70-RAL-5017-1536x1536.png 1536w, https:\/\/ale-okna.pl\/wp-content\/uploads\/2020\/10\/MB-70-RAL-5017-2048x2048.png 2048w\" sizes=\"(max-width: 768px) 100vw, 768px\" \/>\t\t\t\t\t\t\t\t\t\t\t\t\t\t<\/div>\n\t\t\t\t\t\t<\/div>\n\t\t\t\t<\/div>\n\t\t\t\t<section class=\"elementor-section elementor-inner-section elementor-element elementor-element-d77aefb elementor-section-boxed elementor-section-height-default elementor-section-height-default\" data-id=\"d77aefb\" data-element_type=\"section\">\n\t\t\t\t\t\t<div class=\"elementor-container elementor-column-gap-default\">\n\t\t\t\t\t\t\t<div class=\"elementor-row\">\n\t\t\t\t\t<div class=\"elementor-column elementor-col-50 elementor-inner-column elementor-element elementor-element-2cdc8ee\" data-id=\"2cdc8ee\" data-element_type=\"column\">\n\t\t\t<div class=\"elementor-column-wrap elementor-element-populated\">\n\t\t\t\t\t\t\t<div class=\"elementor-widget-wrap\">\n\t\t\t\t\t\t<div class=\"elementor-element elementor-element-d5046fa elementor-widget elementor-widget-button\" data-id=\"d5046fa\" data-element_type=\"widget\" data-widget_type=\"button.default\">\n\t\t\t\t<div class=\"elementor-widget-container\">\n\t\t\t\t\t<div class=\"elementor-button-wrapper\">\n\t\t\t<a href=\"https:\/\/ale-okna.pl\/wp-content\/uploads\/2020\/11\/mb-70-okna-alu.pdf\" target=\"_blank\" class=\"elementor-button-link elementor-button elementor-size-sm\" role=\"button\">\n\t\t\t\t\t\t<span class=\"elementor-button-content-wrapper\">\n\t\t\t\t\t\t<span class=\"elementor-button-text\">Dane techniczne PDF<\/span>\n\t\t<\/span>\n\t\t\t\t\t<\/a>\n\t\t<\/div>\n\t\t\t\t<\/div>\n\t\t\t\t<\/div>\n\t\t\t\t\t\t<\/div>\n\t\t\t\t\t<\/div>\n\t\t<\/div>\n\t\t\t\t<div class=\"elementor-column elementor-col-50 elementor-inner-column elementor-element elementor-element-3b381d8\" data-id=\"3b381d8\" data-element_type=\"column\">\n\t\t\t<div class=\"elementor-column-wrap elementor-element-populated\">\n\t\t\t\t\t\t\t<div class=\"elementor-widget-wrap\">\n\t\t\t\t\t\t<div class=\"elementor-element elementor-element-86cc55f elementor-widget elementor-widget-button\" data-id=\"86cc55f\" data-element_type=\"widget\" data-widget_type=\"button.default\">\n\t\t\t\t<div class=\"elementor-widget-container\">\n\t\t\t\t\t<div class=\"elementor-button-wrapper\">\n\t\t\t<a href=\"#\" class=\"elementor-button-link elementor-button elementor-size-sm\" role=\"button\">\n\t\t\t\t\t\t<span class=\"elementor-button-content-wrapper\">\n\t\t\t\t\t\t<span class=\"elementor-button-text\">Zobacz film<\/span>\n\t\t<\/span>\n\t\t\t\t\t<\/a>\n\t\t<\/div>\n\t\t\t\t<\/div>\n\t\t\t\t<\/div>\n\t\t\t\t\t\t<\/div>\n\t\t\t\t\t<\/div>\n\t\t<\/div>\n\t\t\t\t\t\t\t\t<\/div>\n\t\t\t\t\t<\/div>\n\t\t<\/section>\n\t\t\t\t\t\t<\/div>\n\t\t\t\t\t<\/div>\n\t\t<\/div>\n\t\t\t\t\t\t\t\t<\/div>\n\t\t\t\t\t<\/div>\n\t\t<\/section>\n\t\t\t\t\t\t<\/div>\n\t\t\t\t\t\t<\/div>\n\t\t\t\t\t<\/div>\n\t\t","protected":false},"excerpt":{"rendered":"<p>MB 70 Okna systemu MB-70\u00a0mog\u0105 by\u0107 wykorzystywane\u00a0 zar\u00f3wno w zabudowie indywidualnej, jak i w fasadach aluminiowych. Profile systemu MB70 maj\u0105 budow\u0119 tr\u00f3jkomorow\u0105 o g\u0142\u0119boko\u015bci konstrukcyjnej kszta\u0142townik\u00f3w okna wynosz\u0105cej: 70 mm (o\u015bcie\u017cnica), 79 mm (skrzyd\u0142o) z przegrod\u0105 termiczn\u0105 wykonan\u0105 z poliamidu wzmocnionego w\u0142\u00f3knem szklanym. Dost\u0119pne pakiety szybowe do 50 mm. W standardzie pakiet szybowy jednokomorowy. Mo\u017cliwo\u015b\u0107 &hellip;<\/p>\n<p class=\"read-more\"> <a class=\"\" href=\"https:\/\/ale-okna.pl\/?page_id=1118\"> <span class=\"screen-reader-text\">MB 70<\/span> Read More &raquo;<\/a><\/p>\n","protected":false},"author":1,"featured_media":673,"parent":0,"menu_order":0,"comment_status":"closed","ping_status":"closed","template":"","meta":[],"_links":{"self":[{"href":"https:\/\/ale-okna.pl\/index.php?rest_route=\/wp\/v2\/pages\/1118"}],"collection":[{"href":"https:\/\/ale-okna.pl\/index.php?rest_route=\/wp\/v2\/pages"}],"about":[{"href":"https:\/\/ale-okna.pl\/index.php?rest_route=\/wp\/v2\/types\/page"}],"author":[{"embeddable":true,"href":"https:\/\/ale-okna.pl\/index.php?rest_route=\/wp\/v2\/users\/1"}],"replies":[{"embeddable":true,"href":"https:\/\/ale-okna.pl\/index.php?rest_route=%2Fwp%2Fv2%2Fcomments&post=1118"}],"version-history":[{"count":4,"href":"https:\/\/ale-okna.pl\/index.php?rest_route=\/wp\/v2\/pages\/1118\/revisions"}],"predecessor-version":[{"id":1155,"href":"https:\/\/ale-okna.pl\/index.php?rest_route=\/wp\/v2\/pages\/1118\/revisions\/1155"}],"wp:featuredmedia":[{"embeddable":true,"href":"https:\/\/ale-okna.pl\/index.php?rest_route=\/wp\/v2\/media\/673"}],"wp:attachment":[{"href":"https:\/\/ale-okna.pl\/index.php?rest_route=%2Fwp%2Fv2%2Fmedia&parent=1118"}],"curies":[{"name":"wp","href":"https:\/\/api.w.org\/{rel}","templated":true}]}}