{"id":1113,"date":"2020-11-18T22:58:59","date_gmt":"2020-11-18T21:58:59","guid":{"rendered":"https:\/\/ale-okna.pl\/?page_id=1113"},"modified":"2020-11-22T20:13:27","modified_gmt":"2020-11-22T19:13:27","slug":"mb-45-3","status":"publish","type":"page","link":"https:\/\/ale-okna.pl\/?page_id=1113","title":{"rendered":"MB 45"},"content":{"rendered":"\t\t<div data-elementor-type=\"wp-page\" data-elementor-id=\"1113\" class=\"elementor elementor-1113\" data-elementor-settings=\"[]\">\n\t\t\t\t\t\t<div class=\"elementor-inner\">\n\t\t\t\t\t\t\t<div class=\"elementor-section-wrap\">\n\t\t\t\t\t\t\t<section class=\"elementor-section elementor-top-section elementor-element elementor-element-01f56a6 elementor-section-boxed elementor-section-height-default elementor-section-height-default\" data-id=\"01f56a6\" data-element_type=\"section\">\n\t\t\t\t\t\t<div class=\"elementor-container elementor-column-gap-default\">\n\t\t\t\t\t\t\t<div class=\"elementor-row\">\n\t\t\t\t\t<div class=\"elementor-column elementor-col-100 elementor-top-column elementor-element elementor-element-01e8098\" data-id=\"01e8098\" data-element_type=\"column\">\n\t\t\t<div class=\"elementor-column-wrap elementor-element-populated\">\n\t\t\t\t\t\t\t<div class=\"elementor-widget-wrap\">\n\t\t\t\t\t\t\t\t<\/div>\n\t\t\t\t\t<\/div>\n\t\t<\/div>\n\t\t\t\t\t\t\t\t<\/div>\n\t\t\t\t\t<\/div>\n\t\t<\/section>\n\t\t\t\t<section class=\"elementor-section elementor-top-section elementor-element elementor-element-4882c6e elementor-section-boxed elementor-section-height-default elementor-section-height-default\" data-id=\"4882c6e\" data-element_type=\"section\">\n\t\t\t\t\t\t<div class=\"elementor-container elementor-column-gap-default\">\n\t\t\t\t\t\t\t<div class=\"elementor-row\">\n\t\t\t\t\t<div class=\"elementor-column elementor-col-100 elementor-top-column elementor-element elementor-element-b098392\" data-id=\"b098392\" data-element_type=\"column\">\n\t\t\t<div class=\"elementor-column-wrap elementor-element-populated\">\n\t\t\t\t\t\t\t<div class=\"elementor-widget-wrap\">\n\t\t\t\t\t\t<div class=\"elementor-element elementor-element-2ab1d84 elementor-widget elementor-widget-page-title\" data-id=\"2ab1d84\" data-element_type=\"widget\" data-widget_type=\"page-title.default\">\n\t\t\t\t<div class=\"elementor-widget-container\">\n\t\t\t\t\t\n\t\t<div class=\"hfe-page-title hfe-page-title-wrapper elementor-widget-heading\">\n\n\t\t\t\t\t\t\t\t\t\t\t<a href=\"https:\/\/ale-okna.pl\">\n\t\t\t\t\t\t<h3 class=\"elementor-heading-title elementor-size-default\">\n\t\t\t\t\t\t\t\t\n\t\t\t\tMB 45  \n\t\t\t<\/h3 > \n\t\t\t\t\t\t\t\t\t<\/a>\n\t\t\t\t\t<\/div>\n\t\t\t\t<\/div>\n\t\t\t\t<\/div>\n\t\t\t\t\t\t<\/div>\n\t\t\t\t\t<\/div>\n\t\t<\/div>\n\t\t\t\t\t\t\t\t<\/div>\n\t\t\t\t\t<\/div>\n\t\t<\/section>\n\t\t\t\t<section class=\"elementor-section elementor-top-section elementor-element elementor-element-86e8bfb elementor-section-boxed elementor-section-height-default elementor-section-height-default\" data-id=\"86e8bfb\" data-element_type=\"section\">\n\t\t\t\t\t\t<div class=\"elementor-container elementor-column-gap-default\">\n\t\t\t\t\t\t\t<div class=\"elementor-row\">\n\t\t\t\t\t<div class=\"elementor-column elementor-col-50 elementor-top-column elementor-element elementor-element-7e147a0\" data-id=\"7e147a0\" data-element_type=\"column\">\n\t\t\t<div class=\"elementor-column-wrap elementor-element-populated\">\n\t\t\t\t\t\t\t<div class=\"elementor-widget-wrap\">\n\t\t\t\t\t\t<div class=\"elementor-element elementor-element-b64d496 elementor-widget elementor-widget-text-editor\" data-id=\"b64d496\" data-element_type=\"widget\" data-widget_type=\"text-editor.default\">\n\t\t\t\t<div class=\"elementor-widget-container\">\n\t\t\t\t\t\t\t\t<div class=\"elementor-text-editor elementor-clearfix\">\n\t\t\t\t<p>Okna aluminiowe\u00a0 wykonane na profilu M-45 zwykle wykorzystywane s\u0105 do przeszkle\u0144 wewn\u0119trznych. Nowoczesny i stabilny profil aluminiowy pozwalaj\u0105cy na uzyskanie efektu jednej p\u0142aszczyzny ramy i skrzyd\u0142a od strony zewn\u0119trznej po zamkni\u0119ciu okna<\/p><p><strong>Profil aluminiowy o g\u0142\u0119boko\u015bci zabudowy 45 mm<\/strong> (o\u015bcie\u017cnica) i 54 mm(skrzyd\u0142o).<\/p><p>Dost\u0119pne <strong>pakiety szybowe do 24 mm.<\/strong> Mo\u017cliwo\u015b\u0107 zastosowania szyb hartowanych, bezpiecznych, antyw\u0142amaniowych, ornamentowych, przeciws\u0142onecznych.<\/p><p>W standardzie ramka stalowa ocynkowana. Opcjonalnie ramka SwisspacerUltimate dost\u0119pna w r\u00f3\u017cnorodnych opcjach kolorystycznych.<\/p><p>Bogata gama kolorystyczna palety RAL umo\u017cliwiaj\u0105ca dowolne kszta\u0142towanie aran\u017cacji wn\u0119trz.<\/p><p>W standardzie\u00a0 <strong>uszczelki<\/strong> przyszybowe i przymykowe wykonane z EPDM<\/p><p><strong>Okucia MACO MULTI MATIC KS.<\/strong> W standardzie dwa zaczepy antywywa\u017ceniowe. Okno wyposa\u017cone w blokad\u0119 b\u0142\u0119dnego po\u0142o\u017cenia klamki i podno\u015bnik skrzyd\u0142a. Mikrowentylacja w rozw\u00f3rce.<\/p><p>Du\u017ca zalet\u0105 systemu MB-45 jest mo\u017cliwo\u015b\u0107 gi\u0119cia profili, m.in. o\u015bcie\u017cnic i skrzyde\u0142, co umo\u017cliwia wykonanie r\u00f3\u017cnego rodzaju konstrukcji \u0142ukowych.<\/p>\t\t\t\t\t<\/div>\n\t\t\t\t\t\t<\/div>\n\t\t\t\t<\/div>\n\t\t\t\t\t\t<\/div>\n\t\t\t\t\t<\/div>\n\t\t<\/div>\n\t\t\t\t<div class=\"elementor-column elementor-col-50 elementor-top-column elementor-element elementor-element-f8402a5\" data-id=\"f8402a5\" data-element_type=\"column\">\n\t\t\t<div class=\"elementor-column-wrap elementor-element-populated\">\n\t\t\t\t\t\t\t<div class=\"elementor-widget-wrap\">\n\t\t\t\t\t\t<div class=\"elementor-element elementor-element-2a148f1 elementor-widget elementor-widget-image\" data-id=\"2a148f1\" data-element_type=\"widget\" data-widget_type=\"image.default\">\n\t\t\t\t<div class=\"elementor-widget-container\">\n\t\t\t\t\t\t\t\t<div class=\"elementor-image\">\n\t\t\t\t\t\t\t\t\t\t\t\t<img width=\"768\" height=\"768\" src=\"https:\/\/ale-okna.pl\/wp-content\/uploads\/2020\/10\/MB-45-okno-768x768.png\" class=\"attachment-medium_large size-medium_large\" alt=\"\" loading=\"lazy\" srcset=\"https:\/\/ale-okna.pl\/wp-content\/uploads\/2020\/10\/MB-45-okno-768x768.png 768w, https:\/\/ale-okna.pl\/wp-content\/uploads\/2020\/10\/MB-45-okno-300x300.png 300w, https:\/\/ale-okna.pl\/wp-content\/uploads\/2020\/10\/MB-45-okno-1024x1024.png 1024w, https:\/\/ale-okna.pl\/wp-content\/uploads\/2020\/10\/MB-45-okno-150x150.png 150w, https:\/\/ale-okna.pl\/wp-content\/uploads\/2020\/10\/MB-45-okno-1536x1536.png 1536w, https:\/\/ale-okna.pl\/wp-content\/uploads\/2020\/10\/MB-45-okno-2048x2048.png 2048w\" sizes=\"(max-width: 768px) 100vw, 768px\" \/>\t\t\t\t\t\t\t\t\t\t\t\t\t\t<\/div>\n\t\t\t\t\t\t<\/div>\n\t\t\t\t<\/div>\n\t\t\t\t<section class=\"elementor-section elementor-inner-section elementor-element elementor-element-d77aefb elementor-section-boxed elementor-section-height-default elementor-section-height-default\" data-id=\"d77aefb\" data-element_type=\"section\">\n\t\t\t\t\t\t<div class=\"elementor-container elementor-column-gap-default\">\n\t\t\t\t\t\t\t<div class=\"elementor-row\">\n\t\t\t\t\t<div class=\"elementor-column elementor-col-50 elementor-inner-column elementor-element elementor-element-2cdc8ee\" data-id=\"2cdc8ee\" data-element_type=\"column\">\n\t\t\t<div class=\"elementor-column-wrap elementor-element-populated\">\n\t\t\t\t\t\t\t<div class=\"elementor-widget-wrap\">\n\t\t\t\t\t\t<div class=\"elementor-element elementor-element-d5046fa elementor-widget elementor-widget-button\" data-id=\"d5046fa\" data-element_type=\"widget\" data-widget_type=\"button.default\">\n\t\t\t\t<div class=\"elementor-widget-container\">\n\t\t\t\t\t<div class=\"elementor-button-wrapper\">\n\t\t\t<a href=\"https:\/\/ale-okna.pl\/wp-content\/uploads\/2020\/11\/mb-45-okna-alu.pdf\" target=\"_blank\" class=\"elementor-button-link elementor-button elementor-size-sm\" role=\"button\">\n\t\t\t\t\t\t<span class=\"elementor-button-content-wrapper\">\n\t\t\t\t\t\t<span class=\"elementor-button-text\">Dane techniczne PDF<\/span>\n\t\t<\/span>\n\t\t\t\t\t<\/a>\n\t\t<\/div>\n\t\t\t\t<\/div>\n\t\t\t\t<\/div>\n\t\t\t\t\t\t<\/div>\n\t\t\t\t\t<\/div>\n\t\t<\/div>\n\t\t\t\t<div class=\"elementor-column elementor-col-50 elementor-inner-column elementor-element elementor-element-3b381d8\" data-id=\"3b381d8\" data-element_type=\"column\">\n\t\t\t<div class=\"elementor-column-wrap elementor-element-populated\">\n\t\t\t\t\t\t\t<div class=\"elementor-widget-wrap\">\n\t\t\t\t\t\t<div class=\"elementor-element elementor-element-86cc55f elementor-widget elementor-widget-button\" data-id=\"86cc55f\" data-element_type=\"widget\" data-widget_type=\"button.default\">\n\t\t\t\t<div class=\"elementor-widget-container\">\n\t\t\t\t\t<div class=\"elementor-button-wrapper\">\n\t\t\t<a href=\"#\" class=\"elementor-button-link elementor-button elementor-size-sm\" role=\"button\">\n\t\t\t\t\t\t<span class=\"elementor-button-content-wrapper\">\n\t\t\t\t\t\t<span class=\"elementor-button-text\">Zobacz film<\/span>\n\t\t<\/span>\n\t\t\t\t\t<\/a>\n\t\t<\/div>\n\t\t\t\t<\/div>\n\t\t\t\t<\/div>\n\t\t\t\t\t\t<\/div>\n\t\t\t\t\t<\/div>\n\t\t<\/div>\n\t\t\t\t\t\t\t\t<\/div>\n\t\t\t\t\t<\/div>\n\t\t<\/section>\n\t\t\t\t\t\t<\/div>\n\t\t\t\t\t<\/div>\n\t\t<\/div>\n\t\t\t\t\t\t\t\t<\/div>\n\t\t\t\t\t<\/div>\n\t\t<\/section>\n\t\t\t\t\t\t<\/div>\n\t\t\t\t\t\t<\/div>\n\t\t\t\t\t<\/div>\n\t\t","protected":false},"excerpt":{"rendered":"<p>MB 45 Okna aluminiowe\u00a0 wykonane na profilu M-45 zwykle wykorzystywane s\u0105 do przeszkle\u0144 wewn\u0119trznych. Nowoczesny i stabilny profil aluminiowy pozwalaj\u0105cy na uzyskanie efektu jednej p\u0142aszczyzny ramy i skrzyd\u0142a od strony zewn\u0119trznej po zamkni\u0119ciu okna Profil aluminiowy o g\u0142\u0119boko\u015bci zabudowy 45 mm (o\u015bcie\u017cnica) i 54 mm(skrzyd\u0142o). Dost\u0119pne pakiety szybowe do 24 mm. Mo\u017cliwo\u015b\u0107 zastosowania szyb hartowanych, &hellip;<\/p>\n<p class=\"read-more\"> <a class=\"\" href=\"https:\/\/ale-okna.pl\/?page_id=1113\"> <span class=\"screen-reader-text\">MB 45<\/span> Read More &raquo;<\/a><\/p>\n","protected":false},"author":1,"featured_media":673,"parent":0,"menu_order":0,"comment_status":"closed","ping_status":"closed","template":"","meta":[],"_links":{"self":[{"href":"https:\/\/ale-okna.pl\/index.php?rest_route=\/wp\/v2\/pages\/1113"}],"collection":[{"href":"https:\/\/ale-okna.pl\/index.php?rest_route=\/wp\/v2\/pages"}],"about":[{"href":"https:\/\/ale-okna.pl\/index.php?rest_route=\/wp\/v2\/types\/page"}],"author":[{"embeddable":true,"href":"https:\/\/ale-okna.pl\/index.php?rest_route=\/wp\/v2\/users\/1"}],"replies":[{"embeddable":true,"href":"https:\/\/ale-okna.pl\/index.php?rest_route=%2Fwp%2Fv2%2Fcomments&post=1113"}],"version-history":[{"count":3,"href":"https:\/\/ale-okna.pl\/index.php?rest_route=\/wp\/v2\/pages\/1113\/revisions"}],"predecessor-version":[{"id":1157,"href":"https:\/\/ale-okna.pl\/index.php?rest_route=\/wp\/v2\/pages\/1113\/revisions\/1157"}],"wp:featuredmedia":[{"embeddable":true,"href":"https:\/\/ale-okna.pl\/index.php?rest_route=\/wp\/v2\/media\/673"}],"wp:attachment":[{"href":"https:\/\/ale-okna.pl\/index.php?rest_route=%2Fwp%2Fv2%2Fmedia&parent=1113"}],"curies":[{"name":"wp","href":"https:\/\/api.w.org\/{rel}","templated":true}]}}