{"id":1075,"date":"2020-11-17T21:27:42","date_gmt":"2020-11-17T20:27:42","guid":{"rendered":"https:\/\/ale-okna.pl\/?page_id=1075"},"modified":"2020-11-22T20:10:15","modified_gmt":"2020-11-22T19:10:15","slug":"softline","status":"publish","type":"page","link":"https:\/\/ale-okna.pl\/?page_id=1075","title":{"rendered":"Softline"},"content":{"rendered":"\t\t<div data-elementor-type=\"wp-page\" data-elementor-id=\"1075\" class=\"elementor elementor-1075\" data-elementor-settings=\"[]\">\n\t\t\t\t\t\t<div class=\"elementor-inner\">\n\t\t\t\t\t\t\t<div class=\"elementor-section-wrap\">\n\t\t\t\t\t\t\t<section class=\"elementor-section elementor-top-section elementor-element elementor-element-01f56a6 elementor-section-boxed elementor-section-height-default elementor-section-height-default\" data-id=\"01f56a6\" data-element_type=\"section\">\n\t\t\t\t\t\t<div class=\"elementor-container elementor-column-gap-default\">\n\t\t\t\t\t\t\t<div class=\"elementor-row\">\n\t\t\t\t\t<div class=\"elementor-column elementor-col-100 elementor-top-column elementor-element elementor-element-01e8098\" data-id=\"01e8098\" data-element_type=\"column\">\n\t\t\t<div class=\"elementor-column-wrap elementor-element-populated\">\n\t\t\t\t\t\t\t<div class=\"elementor-widget-wrap\">\n\t\t\t\t\t\t\t\t<\/div>\n\t\t\t\t\t<\/div>\n\t\t<\/div>\n\t\t\t\t\t\t\t\t<\/div>\n\t\t\t\t\t<\/div>\n\t\t<\/section>\n\t\t\t\t<section class=\"elementor-section elementor-top-section elementor-element elementor-element-4882c6e elementor-section-boxed elementor-section-height-default elementor-section-height-default\" data-id=\"4882c6e\" data-element_type=\"section\">\n\t\t\t\t\t\t<div class=\"elementor-container elementor-column-gap-default\">\n\t\t\t\t\t\t\t<div class=\"elementor-row\">\n\t\t\t\t\t<div class=\"elementor-column elementor-col-100 elementor-top-column elementor-element elementor-element-b098392\" data-id=\"b098392\" data-element_type=\"column\">\n\t\t\t<div class=\"elementor-column-wrap elementor-element-populated\">\n\t\t\t\t\t\t\t<div class=\"elementor-widget-wrap\">\n\t\t\t\t\t\t<div class=\"elementor-element elementor-element-2ab1d84 elementor-widget elementor-widget-page-title\" data-id=\"2ab1d84\" data-element_type=\"widget\" data-widget_type=\"page-title.default\">\n\t\t\t\t<div class=\"elementor-widget-container\">\n\t\t\t\t\t\n\t\t<div class=\"hfe-page-title hfe-page-title-wrapper elementor-widget-heading\">\n\n\t\t\t\t\t\t\t\t\t\t\t<a href=\"https:\/\/ale-okna.pl\">\n\t\t\t\t\t\t<h3 class=\"elementor-heading-title elementor-size-default\">\n\t\t\t\t\t\t\t\t\n\t\t\t\tSoftline  \n\t\t\t<\/h3 > \n\t\t\t\t\t\t\t\t\t<\/a>\n\t\t\t\t\t<\/div>\n\t\t\t\t<\/div>\n\t\t\t\t<\/div>\n\t\t\t\t\t\t<\/div>\n\t\t\t\t\t<\/div>\n\t\t<\/div>\n\t\t\t\t\t\t\t\t<\/div>\n\t\t\t\t\t<\/div>\n\t\t<\/section>\n\t\t\t\t<section class=\"elementor-section elementor-top-section elementor-element elementor-element-86e8bfb elementor-section-boxed elementor-section-height-default elementor-section-height-default\" data-id=\"86e8bfb\" data-element_type=\"section\">\n\t\t\t\t\t\t<div class=\"elementor-container elementor-column-gap-default\">\n\t\t\t\t\t\t\t<div class=\"elementor-row\">\n\t\t\t\t\t<div class=\"elementor-column elementor-col-50 elementor-top-column elementor-element elementor-element-7e147a0\" data-id=\"7e147a0\" data-element_type=\"column\">\n\t\t\t<div class=\"elementor-column-wrap elementor-element-populated\">\n\t\t\t\t\t\t\t<div class=\"elementor-widget-wrap\">\n\t\t\t\t\t\t<div class=\"elementor-element elementor-element-b64d496 elementor-widget elementor-widget-text-editor\" data-id=\"b64d496\" data-element_type=\"widget\" data-widget_type=\"text-editor.default\">\n\t\t\t\t<div class=\"elementor-widget-container\">\n\t\t\t\t\t\t\t\t<div class=\"elementor-text-editor elementor-clearfix\">\n\t\t\t\t<p>Okna o najwy\u017cszej jako\u015bci, klasyczne, eleganckie. TO inwestycja w ekologiczne rozwi\u0105zanie! Elegancki design, na kt\u00f3ry sk\u0142ada si\u0119 pi\u0119kna forma zaokr\u0105glonego profilu o op\u0142ywowych kszta\u0142tach, o g\u0142adkiej, l\u015bni\u0105cej powierzchni.<\/p><p>Proponujemy <strong>profile o trzech g\u0142\u0119boko\u015bciach zabudowy: 68 mm, 78 mm, 88 mm <\/strong>w trzech gatunkach drewna: trzy lub czterowarstwowej kant\u00f3wce litej: meranti 450+, sosna i modrzew. W przypadku systemu Softline 78 mm i 88 mm dodatkowe uszczelnienie wewn\u0119trzne.<\/p><p>Mo\u017cliwo\u015b\u0107 zastosowania niskiego progu. Wyposa\u017cone w termookapnik u\u0142atwiaj\u0105cy odprowadzanie wody.\u00a0<\/p><p>W standardzie jest <strong>pakiet dwuszybowy o grubo\u015bci 24 mm<\/strong> o wsp\u00f3\u0142czynniku przenikania ciep\u0142a Ug = 1,0 W\/(m<sup>2<\/sup>K) wg PN-EN674 oraz Ug = 1,1 W\/(m<sup>2<\/sup>K) wg PN-EN673. Istnieje te\u017c mo\u017cliwo\u015b\u0107 zastosowania pakiet\u00f3w dwu-, trzy- lub czteroszybowych.\u00a0<br \/>Mo\u017cliwo\u015b\u0107 zastosowania szyb o podwy\u017cszonej izolacyjno\u015bci akustycznej, hartowanych, bezpiecznych, antyw\u0142amaniowych, ornamentowych, przeciws\u0142onecznych.<\/p><p><strong>Okucia MACO MULTI MATIC KS.<\/strong> W standardzie dwa zaczepy antywywa\u017ceniowe. Okno wyposa\u017cone w blokad\u0119 b\u0142\u0119dnego po\u0142o\u017cenia klamki i podno\u015bnik skrzyd\u0142a. Mikrowentylacja w rozw\u00f3rce. Opcjonalnie zastosowanie ukrytych zawias\u00f3w.\u00a0<\/p><p>Bogata kolorystyka \u00a0farb kryj\u0105cych <strong>(paleta RAL)<\/strong> i transparentnych.<\/p><p>Doskona\u0142a trwa\u0142o\u015b\u0107 stolarki, dzi\u0119ki aluminiowej listwie zabezpieczaj\u0105cej drewno przed promieniami UV i wod\u0105 sp\u0142ywaj\u0105c\u0105 z szyby oraz termookapnika u\u0142atwiaj\u0105cego odprowadzanie wody.<\/p><p>W standardzie ramka stalowa ocynkowana. Opcjonalnie ramka Swisspacer Ultimate dost\u0119pna w r\u00f3\u017cnorodnych opcjach kolorystycznych. W przypadku systemu Softline 78mm i 88m dodatkowe uszczelnienie wewn\u0119trzne.<\/p>\t\t\t\t\t<\/div>\n\t\t\t\t\t\t<\/div>\n\t\t\t\t<\/div>\n\t\t\t\t\t\t<\/div>\n\t\t\t\t\t<\/div>\n\t\t<\/div>\n\t\t\t\t<div class=\"elementor-column elementor-col-50 elementor-top-column elementor-element elementor-element-f8402a5\" data-id=\"f8402a5\" data-element_type=\"column\">\n\t\t\t<div class=\"elementor-column-wrap elementor-element-populated\">\n\t\t\t\t\t\t\t<div class=\"elementor-widget-wrap\">\n\t\t\t\t\t\t<div class=\"elementor-element elementor-element-2a148f1 elementor-widget elementor-widget-image\" data-id=\"2a148f1\" data-element_type=\"widget\" data-widget_type=\"image.default\">\n\t\t\t\t<div class=\"elementor-widget-container\">\n\t\t\t\t\t\t\t\t<div class=\"elementor-image\">\n\t\t\t\t\t\t\t\t\t\t\t\t<img width=\"768\" height=\"768\" src=\"https:\/\/ale-okna.pl\/wp-content\/uploads\/2020\/10\/Softline88_Polisander-Sosna-768x768.png\" class=\"attachment-medium_large size-medium_large\" alt=\"\" loading=\"lazy\" srcset=\"https:\/\/ale-okna.pl\/wp-content\/uploads\/2020\/10\/Softline88_Polisander-Sosna-768x768.png 768w, https:\/\/ale-okna.pl\/wp-content\/uploads\/2020\/10\/Softline88_Polisander-Sosna-300x300.png 300w, https:\/\/ale-okna.pl\/wp-content\/uploads\/2020\/10\/Softline88_Polisander-Sosna-1024x1024.png 1024w, https:\/\/ale-okna.pl\/wp-content\/uploads\/2020\/10\/Softline88_Polisander-Sosna-150x150.png 150w, https:\/\/ale-okna.pl\/wp-content\/uploads\/2020\/10\/Softline88_Polisander-Sosna-1536x1536.png 1536w, https:\/\/ale-okna.pl\/wp-content\/uploads\/2020\/10\/Softline88_Polisander-Sosna-2048x2048.png 2048w\" sizes=\"(max-width: 768px) 100vw, 768px\" \/>\t\t\t\t\t\t\t\t\t\t\t\t\t\t<\/div>\n\t\t\t\t\t\t<\/div>\n\t\t\t\t<\/div>\n\t\t\t\t<section class=\"elementor-section elementor-inner-section elementor-element elementor-element-d77aefb elementor-section-boxed elementor-section-height-default elementor-section-height-default\" data-id=\"d77aefb\" data-element_type=\"section\">\n\t\t\t\t\t\t<div class=\"elementor-container elementor-column-gap-default\">\n\t\t\t\t\t\t\t<div class=\"elementor-row\">\n\t\t\t\t\t<div class=\"elementor-column elementor-col-50 elementor-inner-column elementor-element elementor-element-2cdc8ee\" data-id=\"2cdc8ee\" data-element_type=\"column\">\n\t\t\t<div class=\"elementor-column-wrap elementor-element-populated\">\n\t\t\t\t\t\t\t<div class=\"elementor-widget-wrap\">\n\t\t\t\t\t\t<div class=\"elementor-element elementor-element-d5046fa elementor-widget elementor-widget-button\" data-id=\"d5046fa\" data-element_type=\"widget\" data-widget_type=\"button.default\">\n\t\t\t\t<div class=\"elementor-widget-container\">\n\t\t\t\t\t<div class=\"elementor-button-wrapper\">\n\t\t\t<a href=\"https:\/\/ale-okna.pl\/wp-content\/uploads\/2020\/11\/softline.pdf\" target=\"_blank\" class=\"elementor-button-link elementor-button elementor-size-sm\" role=\"button\">\n\t\t\t\t\t\t<span class=\"elementor-button-content-wrapper\">\n\t\t\t\t\t\t<span class=\"elementor-button-text\">Dane techniczne PDF<\/span>\n\t\t<\/span>\n\t\t\t\t\t<\/a>\n\t\t<\/div>\n\t\t\t\t<\/div>\n\t\t\t\t<\/div>\n\t\t\t\t\t\t<\/div>\n\t\t\t\t\t<\/div>\n\t\t<\/div>\n\t\t\t\t<div class=\"elementor-column elementor-col-50 elementor-inner-column elementor-element elementor-element-3b381d8\" data-id=\"3b381d8\" data-element_type=\"column\">\n\t\t\t<div class=\"elementor-column-wrap\">\n\t\t\t\t\t\t\t<div class=\"elementor-widget-wrap\">\n\t\t\t\t\t\t\t\t<\/div>\n\t\t\t\t\t<\/div>\n\t\t<\/div>\n\t\t\t\t\t\t\t\t<\/div>\n\t\t\t\t\t<\/div>\n\t\t<\/section>\n\t\t\t\t\t\t<\/div>\n\t\t\t\t\t<\/div>\n\t\t<\/div>\n\t\t\t\t\t\t\t\t<\/div>\n\t\t\t\t\t<\/div>\n\t\t<\/section>\n\t\t\t\t\t\t<\/div>\n\t\t\t\t\t\t<\/div>\n\t\t\t\t\t<\/div>\n\t\t","protected":false},"excerpt":{"rendered":"<p>Softline Okna o najwy\u017cszej jako\u015bci, klasyczne, eleganckie. TO inwestycja w ekologiczne rozwi\u0105zanie! Elegancki design, na kt\u00f3ry sk\u0142ada si\u0119 pi\u0119kna forma zaokr\u0105glonego profilu o op\u0142ywowych kszta\u0142tach, o g\u0142adkiej, l\u015bni\u0105cej powierzchni. Proponujemy profile o trzech g\u0142\u0119boko\u015bciach zabudowy: 68 mm, 78 mm, 88 mm w trzech gatunkach drewna: trzy lub czterowarstwowej kant\u00f3wce litej: meranti 450+, sosna i modrzew. &hellip;<\/p>\n<p class=\"read-more\"> <a class=\"\" href=\"https:\/\/ale-okna.pl\/?page_id=1075\"> <span class=\"screen-reader-text\">Softline<\/span> Read More &raquo;<\/a><\/p>\n","protected":false},"author":1,"featured_media":673,"parent":0,"menu_order":0,"comment_status":"closed","ping_status":"closed","template":"","meta":[],"_links":{"self":[{"href":"https:\/\/ale-okna.pl\/index.php?rest_route=\/wp\/v2\/pages\/1075"}],"collection":[{"href":"https:\/\/ale-okna.pl\/index.php?rest_route=\/wp\/v2\/pages"}],"about":[{"href":"https:\/\/ale-okna.pl\/index.php?rest_route=\/wp\/v2\/types\/page"}],"author":[{"embeddable":true,"href":"https:\/\/ale-okna.pl\/index.php?rest_route=\/wp\/v2\/users\/1"}],"replies":[{"embeddable":true,"href":"https:\/\/ale-okna.pl\/index.php?rest_route=%2Fwp%2Fv2%2Fcomments&post=1075"}],"version-history":[{"count":5,"href":"https:\/\/ale-okna.pl\/index.php?rest_route=\/wp\/v2\/pages\/1075\/revisions"}],"predecessor-version":[{"id":1152,"href":"https:\/\/ale-okna.pl\/index.php?rest_route=\/wp\/v2\/pages\/1075\/revisions\/1152"}],"wp:featuredmedia":[{"embeddable":true,"href":"https:\/\/ale-okna.pl\/index.php?rest_route=\/wp\/v2\/media\/673"}],"wp:attachment":[{"href":"https:\/\/ale-okna.pl\/index.php?rest_route=%2Fwp%2Fv2%2Fmedia&parent=1075"}],"curies":[{"name":"wp","href":"https:\/\/api.w.org\/{rel}","templated":true}]}}