{"id":1072,"date":"2020-11-17T21:24:09","date_gmt":"2020-11-17T20:24:09","guid":{"rendered":"https:\/\/ale-okna.pl\/?page_id=1072"},"modified":"2020-11-22T20:06:46","modified_gmt":"2020-11-22T19:06:46","slug":"iglo-5-light","status":"publish","type":"page","link":"https:\/\/ale-okna.pl\/?page_id=1072","title":{"rendered":"Iglo 5 Light"},"content":{"rendered":"\t\t<div data-elementor-type=\"wp-page\" data-elementor-id=\"1072\" class=\"elementor elementor-1072\" data-elementor-settings=\"[]\">\n\t\t\t\t\t\t<div class=\"elementor-inner\">\n\t\t\t\t\t\t\t<div class=\"elementor-section-wrap\">\n\t\t\t\t\t\t\t<section class=\"elementor-section elementor-top-section elementor-element elementor-element-01f56a6 elementor-section-boxed elementor-section-height-default elementor-section-height-default\" data-id=\"01f56a6\" data-element_type=\"section\">\n\t\t\t\t\t\t<div class=\"elementor-container elementor-column-gap-default\">\n\t\t\t\t\t\t\t<div class=\"elementor-row\">\n\t\t\t\t\t<div class=\"elementor-column elementor-col-100 elementor-top-column elementor-element elementor-element-01e8098\" data-id=\"01e8098\" data-element_type=\"column\">\n\t\t\t<div class=\"elementor-column-wrap elementor-element-populated\">\n\t\t\t\t\t\t\t<div class=\"elementor-widget-wrap\">\n\t\t\t\t\t\t\t\t<\/div>\n\t\t\t\t\t<\/div>\n\t\t<\/div>\n\t\t\t\t\t\t\t\t<\/div>\n\t\t\t\t\t<\/div>\n\t\t<\/section>\n\t\t\t\t<section class=\"elementor-section elementor-top-section elementor-element elementor-element-4882c6e elementor-section-boxed elementor-section-height-default elementor-section-height-default\" data-id=\"4882c6e\" data-element_type=\"section\">\n\t\t\t\t\t\t<div class=\"elementor-container elementor-column-gap-default\">\n\t\t\t\t\t\t\t<div class=\"elementor-row\">\n\t\t\t\t\t<div class=\"elementor-column elementor-col-100 elementor-top-column elementor-element elementor-element-b098392\" data-id=\"b098392\" data-element_type=\"column\">\n\t\t\t<div class=\"elementor-column-wrap elementor-element-populated\">\n\t\t\t\t\t\t\t<div class=\"elementor-widget-wrap\">\n\t\t\t\t\t\t<div class=\"elementor-element elementor-element-2ab1d84 elementor-widget elementor-widget-page-title\" data-id=\"2ab1d84\" data-element_type=\"widget\" data-widget_type=\"page-title.default\">\n\t\t\t\t<div class=\"elementor-widget-container\">\n\t\t\t\t\t\n\t\t<div class=\"hfe-page-title hfe-page-title-wrapper elementor-widget-heading\">\n\n\t\t\t\t\t\t\t\t\t\t\t<a href=\"https:\/\/ale-okna.pl\">\n\t\t\t\t\t\t<h3 class=\"elementor-heading-title elementor-size-default\">\n\t\t\t\t\t\t\t\t\n\t\t\t\tIglo 5 Light  \n\t\t\t<\/h3 > \n\t\t\t\t\t\t\t\t\t<\/a>\n\t\t\t\t\t<\/div>\n\t\t\t\t<\/div>\n\t\t\t\t<\/div>\n\t\t\t\t\t\t<\/div>\n\t\t\t\t\t<\/div>\n\t\t<\/div>\n\t\t\t\t\t\t\t\t<\/div>\n\t\t\t\t\t<\/div>\n\t\t<\/section>\n\t\t\t\t<section class=\"elementor-section elementor-top-section elementor-element elementor-element-86e8bfb elementor-section-boxed elementor-section-height-default elementor-section-height-default\" data-id=\"86e8bfb\" data-element_type=\"section\">\n\t\t\t\t\t\t<div class=\"elementor-container elementor-column-gap-default\">\n\t\t\t\t\t\t\t<div class=\"elementor-row\">\n\t\t\t\t\t<div class=\"elementor-column elementor-col-50 elementor-top-column elementor-element elementor-element-7e147a0\" data-id=\"7e147a0\" data-element_type=\"column\">\n\t\t\t<div class=\"elementor-column-wrap elementor-element-populated\">\n\t\t\t\t\t\t\t<div class=\"elementor-widget-wrap\">\n\t\t\t\t\t\t<div class=\"elementor-element elementor-element-b64d496 elementor-widget elementor-widget-text-editor\" data-id=\"b64d496\" data-element_type=\"widget\" data-widget_type=\"text-editor.default\">\n\t\t\t\t<div class=\"elementor-widget-container\">\n\t\t\t\t\t\t\t\t<div class=\"elementor-text-editor elementor-clearfix\">\n\t\t\t\t<p>Nowoczesny design, du\u017ca ilo\u015b\u0107 \u015bwiat\u0142a dziennego i \u015bwietne parametry w zakresie energooszcz\u0119dno\u015bci, wodoszczelno\u015bci, odporno\u015bci na wiatr i przepuszczalno\u015bci powietrza!<\/p><p><strong>5-komorowy profil ramy<\/strong> i skrzyd\u0142a wykonany wy\u0142\u0105cznie z materia\u0142u pierwotnego w klasie A o g\u0142\u0119boko\u015bci zabudowy ramy i skrzyd\u0142a 70 mm z w\u0119\u017cszym o 32%, ruchomym s\u0142upkiem z symetrycznie umieszczon\u0105 klamk\u0105 aluminiow\u0105 (z\u0142o\u017cenie ramy i skrzyd\u0142a wynosi 108 mm, szeroko\u015b\u0107 s\u0142upka ruchomego 112 mm). Du\u017ca ilo\u015b\u0107 \u015bwiat\u0142a dziennego i modne przeszklenia, dzi\u0119ki wi\u0119kszej powierzchni szyb, w por\u00f3wnaniu do tradycyjnych profili.<\/p><p><strong>Grubo\u015b\u0107 szklenia do 40 mm.<br \/><\/strong>W standardzie pakiet szybowy jednokomorowy, mo\u017cliwo\u015b\u0107 zastosowania pakiet\u00f3w o lepszym\u00a0 wsp\u00f3\u0142czynniku, przez zastosowania szyb o podwy\u017cszonej izolacyjno\u015bci akustycznej, hartowanych, bezpiecznych, antyw\u0142amaniowych, ornamentowych, przeciws\u0142onecznych.<\/p><p>Mo\u017cliwo\u015b\u0107 zastosowania wzmocnienia pe\u0142nego w o\u015bcie\u017cnicy. W przypadku wzmocnienia pe\u0142nego zaczepy anywywa\u017ceniowe przykr\u0119cone do stali.<\/p><p><strong>W standardzie okucia Maco Multi Matic KS<\/strong> zabezpieczone pow\u0142ok\u0105 Silber-Look, wyposa\u017cone w dwa zaczepy antywywa\u017ceniowe oraz podno\u015bnik skrzyd\u0142a z blokad\u0105 b\u0142\u0119dnego po\u0142o\u017cenia klamki. Istnieje mo\u017cliwo\u015b\u0107 ukrycia zawias\u00f3w we wr\u0119bie okuciowym oraz zastosowanie rozwi\u0105za\u0144 w klasie antyw\u0142amaniowej RC2.<\/p><p>Okno wyposa\u017cone w system podw\u00f3jnego uszczelnienia: zewn\u0119trzne, wewn\u0119trzne z EPDM dost\u0119pne s\u0105 w kolorach: czarnym, szarym. W standardzie uszczelka wype\u0142niaj\u0105ca dolny rowek okuciowy.<\/p><p><strong>Bogata kolorystyka oklein Renolit <\/strong>system\u00f3w umo\u017cliwiaj\u0105ca dowoln\u0105 aran\u017cacj\u0119 wn\u0119trza.<\/p><p><strong>Dowolna aran\u017cacja funkcji:<\/strong> dodatkowe uchy\u0142y, s\u0142upki ruchome lub sta\u0142e oraz <strong>element\u00f3w dodatkowych: <\/strong>wzory i kolory klamek, kolor uszczelek, rodzaj listwy przyszybowej, kolory os\u0142onek, ukrycie oku\u0107, zmiana rodzaju i koloru szyb, zmiana ramki dystansowej. <\/p>\t\t\t\t\t<\/div>\n\t\t\t\t\t\t<\/div>\n\t\t\t\t<\/div>\n\t\t\t\t\t\t<\/div>\n\t\t\t\t\t<\/div>\n\t\t<\/div>\n\t\t\t\t<div class=\"elementor-column elementor-col-50 elementor-top-column elementor-element elementor-element-f8402a5\" data-id=\"f8402a5\" data-element_type=\"column\">\n\t\t\t<div class=\"elementor-column-wrap elementor-element-populated\">\n\t\t\t\t\t\t\t<div class=\"elementor-widget-wrap\">\n\t\t\t\t\t\t<div class=\"elementor-element elementor-element-2a148f1 elementor-widget elementor-widget-image\" data-id=\"2a148f1\" data-element_type=\"widget\" data-widget_type=\"image.default\">\n\t\t\t\t<div class=\"elementor-widget-container\">\n\t\t\t\t\t\t\t\t<div class=\"elementor-image\">\n\t\t\t\t\t\t\t\t\t\t\t\t<img width=\"768\" height=\"768\" src=\"https:\/\/ale-okna.pl\/wp-content\/uploads\/2020\/10\/iglo5classic_Antracyt-Gladki-768x768.png\" class=\"attachment-medium_large size-medium_large\" alt=\"\" loading=\"lazy\" srcset=\"https:\/\/ale-okna.pl\/wp-content\/uploads\/2020\/10\/iglo5classic_Antracyt-Gladki-768x768.png 768w, https:\/\/ale-okna.pl\/wp-content\/uploads\/2020\/10\/iglo5classic_Antracyt-Gladki-300x300.png 300w, https:\/\/ale-okna.pl\/wp-content\/uploads\/2020\/10\/iglo5classic_Antracyt-Gladki-1024x1024.png 1024w, https:\/\/ale-okna.pl\/wp-content\/uploads\/2020\/10\/iglo5classic_Antracyt-Gladki-150x150.png 150w, https:\/\/ale-okna.pl\/wp-content\/uploads\/2020\/10\/iglo5classic_Antracyt-Gladki-1536x1536.png 1536w, https:\/\/ale-okna.pl\/wp-content\/uploads\/2020\/10\/iglo5classic_Antracyt-Gladki-2048x2048.png 2048w\" sizes=\"(max-width: 768px) 100vw, 768px\" \/>\t\t\t\t\t\t\t\t\t\t\t\t\t\t<\/div>\n\t\t\t\t\t\t<\/div>\n\t\t\t\t<\/div>\n\t\t\t\t<section class=\"elementor-section elementor-inner-section elementor-element elementor-element-d77aefb elementor-section-boxed elementor-section-height-default elementor-section-height-default\" data-id=\"d77aefb\" data-element_type=\"section\">\n\t\t\t\t\t\t<div class=\"elementor-container elementor-column-gap-default\">\n\t\t\t\t\t\t\t<div class=\"elementor-row\">\n\t\t\t\t\t<div class=\"elementor-column elementor-col-50 elementor-inner-column elementor-element elementor-element-2cdc8ee\" data-id=\"2cdc8ee\" data-element_type=\"column\">\n\t\t\t<div class=\"elementor-column-wrap elementor-element-populated\">\n\t\t\t\t\t\t\t<div class=\"elementor-widget-wrap\">\n\t\t\t\t\t\t<div class=\"elementor-element elementor-element-d5046fa elementor-widget elementor-widget-button\" data-id=\"d5046fa\" data-element_type=\"widget\" data-widget_type=\"button.default\">\n\t\t\t\t<div class=\"elementor-widget-container\">\n\t\t\t\t\t<div class=\"elementor-button-wrapper\">\n\t\t\t<a href=\"https:\/\/ale-okna.pl\/wp-content\/uploads\/2020\/11\/iglo-light.pdf\" target=\"_blank\" class=\"elementor-button-link elementor-button elementor-size-sm\" role=\"button\">\n\t\t\t\t\t\t<span class=\"elementor-button-content-wrapper\">\n\t\t\t\t\t\t<span class=\"elementor-button-text\">Dane techniczne PDF<\/span>\n\t\t<\/span>\n\t\t\t\t\t<\/a>\n\t\t<\/div>\n\t\t\t\t<\/div>\n\t\t\t\t<\/div>\n\t\t\t\t\t\t<\/div>\n\t\t\t\t\t<\/div>\n\t\t<\/div>\n\t\t\t\t<div class=\"elementor-column elementor-col-50 elementor-inner-column elementor-element elementor-element-3b381d8\" data-id=\"3b381d8\" data-element_type=\"column\">\n\t\t\t<div class=\"elementor-column-wrap elementor-element-populated\">\n\t\t\t\t\t\t\t<div class=\"elementor-widget-wrap\">\n\t\t\t\t\t\t<div class=\"elementor-element elementor-element-86cc55f elementor-widget elementor-widget-button\" data-id=\"86cc55f\" data-element_type=\"widget\" data-widget_type=\"button.default\">\n\t\t\t\t<div class=\"elementor-widget-container\">\n\t\t\t\t\t<div class=\"elementor-button-wrapper\">\n\t\t\t<a href=\"#\" class=\"elementor-button-link elementor-button elementor-size-sm\" role=\"button\">\n\t\t\t\t\t\t<span class=\"elementor-button-content-wrapper\">\n\t\t\t\t\t\t<span class=\"elementor-button-text\">Zobacz film<\/span>\n\t\t<\/span>\n\t\t\t\t\t<\/a>\n\t\t<\/div>\n\t\t\t\t<\/div>\n\t\t\t\t<\/div>\n\t\t\t\t\t\t<\/div>\n\t\t\t\t\t<\/div>\n\t\t<\/div>\n\t\t\t\t\t\t\t\t<\/div>\n\t\t\t\t\t<\/div>\n\t\t<\/section>\n\t\t\t\t\t\t<\/div>\n\t\t\t\t\t<\/div>\n\t\t<\/div>\n\t\t\t\t\t\t\t\t<\/div>\n\t\t\t\t\t<\/div>\n\t\t<\/section>\n\t\t\t\t\t\t<\/div>\n\t\t\t\t\t\t<\/div>\n\t\t\t\t\t<\/div>\n\t\t","protected":false},"excerpt":{"rendered":"<p>Iglo 5 Light Nowoczesny design, du\u017ca ilo\u015b\u0107 \u015bwiat\u0142a dziennego i \u015bwietne parametry w zakresie energooszcz\u0119dno\u015bci, wodoszczelno\u015bci, odporno\u015bci na wiatr i przepuszczalno\u015bci powietrza! 5-komorowy profil ramy i skrzyd\u0142a wykonany wy\u0142\u0105cznie z materia\u0142u pierwotnego w klasie A o g\u0142\u0119boko\u015bci zabudowy ramy i skrzyd\u0142a 70 mm z w\u0119\u017cszym o 32%, ruchomym s\u0142upkiem z symetrycznie umieszczon\u0105 klamk\u0105 aluminiow\u0105 (z\u0142o\u017cenie &hellip;<\/p>\n<p class=\"read-more\"> <a class=\"\" href=\"https:\/\/ale-okna.pl\/?page_id=1072\"> <span class=\"screen-reader-text\">Iglo 5 Light<\/span> Read More &raquo;<\/a><\/p>\n","protected":false},"author":1,"featured_media":673,"parent":0,"menu_order":0,"comment_status":"closed","ping_status":"closed","template":"","meta":[],"_links":{"self":[{"href":"https:\/\/ale-okna.pl\/index.php?rest_route=\/wp\/v2\/pages\/1072"}],"collection":[{"href":"https:\/\/ale-okna.pl\/index.php?rest_route=\/wp\/v2\/pages"}],"about":[{"href":"https:\/\/ale-okna.pl\/index.php?rest_route=\/wp\/v2\/types\/page"}],"author":[{"embeddable":true,"href":"https:\/\/ale-okna.pl\/index.php?rest_route=\/wp\/v2\/users\/1"}],"replies":[{"embeddable":true,"href":"https:\/\/ale-okna.pl\/index.php?rest_route=%2Fwp%2Fv2%2Fcomments&post=1072"}],"version-history":[{"count":5,"href":"https:\/\/ale-okna.pl\/index.php?rest_route=\/wp\/v2\/pages\/1072\/revisions"}],"predecessor-version":[{"id":1147,"href":"https:\/\/ale-okna.pl\/index.php?rest_route=\/wp\/v2\/pages\/1072\/revisions\/1147"}],"wp:featuredmedia":[{"embeddable":true,"href":"https:\/\/ale-okna.pl\/index.php?rest_route=\/wp\/v2\/media\/673"}],"wp:attachment":[{"href":"https:\/\/ale-okna.pl\/index.php?rest_route=%2Fwp%2Fv2%2Fmedia&parent=1072"}],"curies":[{"name":"wp","href":"https:\/\/api.w.org\/{rel}","templated":true}]}}