{"id":1062,"date":"2020-11-17T21:06:18","date_gmt":"2020-11-17T20:06:18","guid":{"rendered":"https:\/\/ale-okna.pl\/?page_id=1062"},"modified":"2020-11-22T20:07:11","modified_gmt":"2020-11-22T19:07:11","slug":"iglo-5-classic","status":"publish","type":"page","link":"https:\/\/ale-okna.pl\/?page_id=1062","title":{"rendered":"Iglo 5 Classic"},"content":{"rendered":"\t\t<div data-elementor-type=\"wp-page\" data-elementor-id=\"1062\" class=\"elementor elementor-1062\" data-elementor-settings=\"[]\">\n\t\t\t\t\t\t<div class=\"elementor-inner\">\n\t\t\t\t\t\t\t<div class=\"elementor-section-wrap\">\n\t\t\t\t\t\t\t<section class=\"elementor-section elementor-top-section elementor-element elementor-element-01f56a6 elementor-section-boxed elementor-section-height-default elementor-section-height-default\" data-id=\"01f56a6\" data-element_type=\"section\">\n\t\t\t\t\t\t<div class=\"elementor-container elementor-column-gap-default\">\n\t\t\t\t\t\t\t<div class=\"elementor-row\">\n\t\t\t\t\t<div class=\"elementor-column elementor-col-100 elementor-top-column elementor-element elementor-element-01e8098\" data-id=\"01e8098\" data-element_type=\"column\">\n\t\t\t<div class=\"elementor-column-wrap elementor-element-populated\">\n\t\t\t\t\t\t\t<div class=\"elementor-widget-wrap\">\n\t\t\t\t\t\t\t\t<\/div>\n\t\t\t\t\t<\/div>\n\t\t<\/div>\n\t\t\t\t\t\t\t\t<\/div>\n\t\t\t\t\t<\/div>\n\t\t<\/section>\n\t\t\t\t<section class=\"elementor-section elementor-top-section elementor-element elementor-element-4882c6e elementor-section-boxed elementor-section-height-default elementor-section-height-default\" data-id=\"4882c6e\" data-element_type=\"section\">\n\t\t\t\t\t\t<div class=\"elementor-container elementor-column-gap-default\">\n\t\t\t\t\t\t\t<div class=\"elementor-row\">\n\t\t\t\t\t<div class=\"elementor-column elementor-col-100 elementor-top-column elementor-element elementor-element-b098392\" data-id=\"b098392\" data-element_type=\"column\">\n\t\t\t<div class=\"elementor-column-wrap elementor-element-populated\">\n\t\t\t\t\t\t\t<div class=\"elementor-widget-wrap\">\n\t\t\t\t\t\t<div class=\"elementor-element elementor-element-56e35f5 elementor-widget elementor-widget-heading\" data-id=\"56e35f5\" data-element_type=\"widget\" data-widget_type=\"heading.default\">\n\t\t\t\t<div class=\"elementor-widget-container\">\n\t\t\t<h3 class=\"elementor-heading-title elementor-size-default\">Iglo 5 Classic<\/h3>\t\t<\/div>\n\t\t\t\t<\/div>\n\t\t\t\t\t\t<\/div>\n\t\t\t\t\t<\/div>\n\t\t<\/div>\n\t\t\t\t\t\t\t\t<\/div>\n\t\t\t\t\t<\/div>\n\t\t<\/section>\n\t\t\t\t<section class=\"elementor-section elementor-top-section elementor-element elementor-element-86e8bfb elementor-section-boxed elementor-section-height-default elementor-section-height-default\" data-id=\"86e8bfb\" data-element_type=\"section\">\n\t\t\t\t\t\t<div class=\"elementor-container elementor-column-gap-default\">\n\t\t\t\t\t\t\t<div class=\"elementor-row\">\n\t\t\t\t\t<div class=\"elementor-column elementor-col-50 elementor-top-column elementor-element elementor-element-7e147a0\" data-id=\"7e147a0\" data-element_type=\"column\">\n\t\t\t<div class=\"elementor-column-wrap elementor-element-populated\">\n\t\t\t\t\t\t\t<div class=\"elementor-widget-wrap\">\n\t\t\t\t\t\t<div class=\"elementor-element elementor-element-b64d496 elementor-widget elementor-widget-text-editor\" data-id=\"b64d496\" data-element_type=\"widget\" data-widget_type=\"text-editor.default\">\n\t\t\t\t<div class=\"elementor-widget-container\">\n\t\t\t\t\t\t\t\t<div class=\"elementor-text-editor elementor-clearfix\">\n\t\t\t\t<p>Okna IGLO 5 CLASSIC to nowoczesne okna, z najlepszym stosunkiem ceny do jako\u015bci.<\/p><p><b>5-komorowe profile<\/b> ramy i skrzyd\u0142a wykonane wy\u0142\u0105cznie z materia\u0142u pierwotnego w klasie A o g\u0142\u0119boko\u015bci zabudowy 70 mm.<\/p><p><strong>Grubo\u015b\u0107 szklenia do 40 mm<\/strong>. W standardzie pakiet szybowy jednokomorowy o wsp\u00f3\u0142czynniku przenikaniaciep\u0142a Ug = 1,0 W\/(m2K) wg PN-EN674. Mo\u017cliwo\u015b\u0107 zastosowania pakiet\u00f3w o wsp\u00f3\u0142czynniku Ug = 0,6 W\/(m2K). Mo\u017cliwo\u015b\u0107 zastosowania szyb o podwy\u017cszonej izolacyjno\u015bci akustycznej, hartowanych, bezpiecznych, antyw\u0142amaniowych, ornamentowych, przeciws\u0142onecznych. Izolacyjno\u015b\u0107 akustyczna Rw = 34-44 dB w zale\u017cno\u015bci od zastosowanych pakiet\u00f3w szybowych.<\/p><p>W standardzie <strong>ramka stalowa ocynkowana<\/strong>. Opcjonalnie ramka swisspacer ultimate dost\u0119pna w r\u00f3\u017cnych opcjach kolorystycznych.<br \/><br \/>Okucia <b>MACO MULTI MATIC KS<\/b> z dwoma zaczepami antywywa\u017ceniowymi w standardzie z pow\u0142ok\u0105 Silber-Look oraz liniowe zag\u0142\u0119bienia na zasuwnicach. Opcjonalnie dost\u0119pne zawiasy ukryte we wr\u0119bie okuciowym.<\/p><p>Okno wyposa\u017cone w system podw\u00f3jnego uszczelnienia: zewn\u0119trzne, wewn\u0119trzne z EPDM dost\u0119pne s\u0105 w kolorach: czarnym i szarym. W standardzie uszczelka wype\u0142niaj\u0105ca dolny rowek okuciowy.<\/p><p>System dost\u0119pny w kolorach folii Renolit, na rdzeniu bia\u0142ym i br\u0105zowym.<\/p>\t\t\t\t\t<\/div>\n\t\t\t\t\t\t<\/div>\n\t\t\t\t<\/div>\n\t\t\t\t\t\t<\/div>\n\t\t\t\t\t<\/div>\n\t\t<\/div>\n\t\t\t\t<div class=\"elementor-column elementor-col-50 elementor-top-column elementor-element elementor-element-f8402a5\" data-id=\"f8402a5\" data-element_type=\"column\">\n\t\t\t<div class=\"elementor-column-wrap elementor-element-populated\">\n\t\t\t\t\t\t\t<div class=\"elementor-widget-wrap\">\n\t\t\t\t\t\t<div class=\"elementor-element elementor-element-2a148f1 elementor-widget elementor-widget-image\" data-id=\"2a148f1\" data-element_type=\"widget\" data-widget_type=\"image.default\">\n\t\t\t\t<div class=\"elementor-widget-container\">\n\t\t\t\t\t\t\t\t<div class=\"elementor-image\">\n\t\t\t\t\t\t\t\t\t\t\t\t<img width=\"768\" height=\"768\" src=\"https:\/\/ale-okna.pl\/wp-content\/uploads\/2020\/10\/iglo5classic_Antracyt-Gladki-768x768.png\" class=\"attachment-medium_large size-medium_large\" alt=\"\" loading=\"lazy\" srcset=\"https:\/\/ale-okna.pl\/wp-content\/uploads\/2020\/10\/iglo5classic_Antracyt-Gladki-768x768.png 768w, https:\/\/ale-okna.pl\/wp-content\/uploads\/2020\/10\/iglo5classic_Antracyt-Gladki-300x300.png 300w, https:\/\/ale-okna.pl\/wp-content\/uploads\/2020\/10\/iglo5classic_Antracyt-Gladki-1024x1024.png 1024w, https:\/\/ale-okna.pl\/wp-content\/uploads\/2020\/10\/iglo5classic_Antracyt-Gladki-150x150.png 150w, https:\/\/ale-okna.pl\/wp-content\/uploads\/2020\/10\/iglo5classic_Antracyt-Gladki-1536x1536.png 1536w, https:\/\/ale-okna.pl\/wp-content\/uploads\/2020\/10\/iglo5classic_Antracyt-Gladki-2048x2048.png 2048w\" sizes=\"(max-width: 768px) 100vw, 768px\" \/>\t\t\t\t\t\t\t\t\t\t\t\t\t\t<\/div>\n\t\t\t\t\t\t<\/div>\n\t\t\t\t<\/div>\n\t\t\t\t<section class=\"elementor-section elementor-inner-section elementor-element elementor-element-d77aefb elementor-section-boxed elementor-section-height-default elementor-section-height-default\" data-id=\"d77aefb\" data-element_type=\"section\">\n\t\t\t\t\t\t<div class=\"elementor-container elementor-column-gap-default\">\n\t\t\t\t\t\t\t<div class=\"elementor-row\">\n\t\t\t\t\t<div class=\"elementor-column elementor-col-50 elementor-inner-column elementor-element elementor-element-2cdc8ee\" data-id=\"2cdc8ee\" data-element_type=\"column\">\n\t\t\t<div class=\"elementor-column-wrap elementor-element-populated\">\n\t\t\t\t\t\t\t<div class=\"elementor-widget-wrap\">\n\t\t\t\t\t\t<div class=\"elementor-element elementor-element-d5046fa elementor-widget elementor-widget-button\" data-id=\"d5046fa\" data-element_type=\"widget\" data-widget_type=\"button.default\">\n\t\t\t\t<div class=\"elementor-widget-container\">\n\t\t\t\t\t<div class=\"elementor-button-wrapper\">\n\t\t\t<a href=\"https:\/\/ale-okna.pl\/wp-content\/uploads\/2020\/11\/iglo5-classic.pdf\" target=\"_blank\" class=\"elementor-button-link elementor-button elementor-size-sm\" role=\"button\">\n\t\t\t\t\t\t<span class=\"elementor-button-content-wrapper\">\n\t\t\t\t\t\t<span class=\"elementor-button-text\">Dane techniczne PDF<\/span>\n\t\t<\/span>\n\t\t\t\t\t<\/a>\n\t\t<\/div>\n\t\t\t\t<\/div>\n\t\t\t\t<\/div>\n\t\t\t\t\t\t<\/div>\n\t\t\t\t\t<\/div>\n\t\t<\/div>\n\t\t\t\t<div class=\"elementor-column elementor-col-50 elementor-inner-column elementor-element elementor-element-3b381d8\" data-id=\"3b381d8\" data-element_type=\"column\">\n\t\t\t<div class=\"elementor-column-wrap elementor-element-populated\">\n\t\t\t\t\t\t\t<div class=\"elementor-widget-wrap\">\n\t\t\t\t\t\t<div class=\"elementor-element elementor-element-86cc55f elementor-widget elementor-widget-button\" data-id=\"86cc55f\" data-element_type=\"widget\" data-widget_type=\"button.default\">\n\t\t\t\t<div class=\"elementor-widget-container\">\n\t\t\t\t\t<div class=\"elementor-button-wrapper\">\n\t\t\t<a href=\"#\" class=\"elementor-button-link elementor-button elementor-size-sm\" role=\"button\">\n\t\t\t\t\t\t<span class=\"elementor-button-content-wrapper\">\n\t\t\t\t\t\t<span class=\"elementor-button-text\">Zobacz film<\/span>\n\t\t<\/span>\n\t\t\t\t\t<\/a>\n\t\t<\/div>\n\t\t\t\t<\/div>\n\t\t\t\t<\/div>\n\t\t\t\t\t\t<\/div>\n\t\t\t\t\t<\/div>\n\t\t<\/div>\n\t\t\t\t\t\t\t\t<\/div>\n\t\t\t\t\t<\/div>\n\t\t<\/section>\n\t\t\t\t\t\t<\/div>\n\t\t\t\t\t<\/div>\n\t\t<\/div>\n\t\t\t\t\t\t\t\t<\/div>\n\t\t\t\t\t<\/div>\n\t\t<\/section>\n\t\t\t\t\t\t<\/div>\n\t\t\t\t\t\t<\/div>\n\t\t\t\t\t<\/div>\n\t\t","protected":false},"excerpt":{"rendered":"<p>Iglo 5 Classic Okna IGLO 5 CLASSIC to nowoczesne okna, z najlepszym stosunkiem ceny do jako\u015bci. 5-komorowe profile ramy i skrzyd\u0142a wykonane wy\u0142\u0105cznie z materia\u0142u pierwotnego w klasie A o g\u0142\u0119boko\u015bci zabudowy 70 mm. Grubo\u015b\u0107 szklenia do 40 mm. W standardzie pakiet szybowy jednokomorowy o wsp\u00f3\u0142czynniku przenikaniaciep\u0142a Ug = 1,0 W\/(m2K) wg PN-EN674. Mo\u017cliwo\u015b\u0107 zastosowania &hellip;<\/p>\n<p class=\"read-more\"> <a class=\"\" href=\"https:\/\/ale-okna.pl\/?page_id=1062\"> <span class=\"screen-reader-text\">Iglo 5 Classic<\/span> Read More &raquo;<\/a><\/p>\n","protected":false},"author":1,"featured_media":673,"parent":0,"menu_order":0,"comment_status":"closed","ping_status":"closed","template":"","meta":[],"_links":{"self":[{"href":"https:\/\/ale-okna.pl\/index.php?rest_route=\/wp\/v2\/pages\/1062"}],"collection":[{"href":"https:\/\/ale-okna.pl\/index.php?rest_route=\/wp\/v2\/pages"}],"about":[{"href":"https:\/\/ale-okna.pl\/index.php?rest_route=\/wp\/v2\/types\/page"}],"author":[{"embeddable":true,"href":"https:\/\/ale-okna.pl\/index.php?rest_route=\/wp\/v2\/users\/1"}],"replies":[{"embeddable":true,"href":"https:\/\/ale-okna.pl\/index.php?rest_route=%2Fwp%2Fv2%2Fcomments&post=1062"}],"version-history":[{"count":7,"href":"https:\/\/ale-okna.pl\/index.php?rest_route=\/wp\/v2\/pages\/1062\/revisions"}],"predecessor-version":[{"id":1148,"href":"https:\/\/ale-okna.pl\/index.php?rest_route=\/wp\/v2\/pages\/1062\/revisions\/1148"}],"wp:featuredmedia":[{"embeddable":true,"href":"https:\/\/ale-okna.pl\/index.php?rest_route=\/wp\/v2\/media\/673"}],"wp:attachment":[{"href":"https:\/\/ale-okna.pl\/index.php?rest_route=%2Fwp%2Fv2%2Fmedia&parent=1062"}],"curies":[{"name":"wp","href":"https:\/\/api.w.org\/{rel}","templated":true}]}}