{"id":1018,"date":"2020-10-29T14:55:04","date_gmt":"2020-10-29T13:55:04","guid":{"rendered":"https:\/\/ale-okna.t-c.com.pl\/?page_id=1018"},"modified":"2020-10-29T14:55:36","modified_gmt":"2020-10-29T13:55:36","slug":"montaz","status":"publish","type":"page","link":"https:\/\/ale-okna.pl\/?page_id=1018","title":{"rendered":"Monta\u017c"},"content":{"rendered":"\t\t<div data-elementor-type=\"wp-page\" data-elementor-id=\"1018\" class=\"elementor elementor-1018\" data-elementor-settings=\"[]\">\n\t\t\t\t\t\t<div class=\"elementor-inner\">\n\t\t\t\t\t\t\t<div class=\"elementor-section-wrap\">\n\t\t\t\t\t\t\t<section class=\"elementor-section elementor-top-section elementor-element elementor-element-8a89f44 elementor-section-boxed elementor-section-height-default elementor-section-height-default\" data-id=\"8a89f44\" data-element_type=\"section\">\n\t\t\t\t\t\t<div class=\"elementor-container elementor-column-gap-default\">\n\t\t\t\t\t\t\t<div class=\"elementor-row\">\n\t\t\t\t\t<div class=\"elementor-column elementor-col-100 elementor-top-column elementor-element elementor-element-7b98a26\" data-id=\"7b98a26\" data-element_type=\"column\">\n\t\t\t<div class=\"elementor-column-wrap elementor-element-populated\">\n\t\t\t\t\t\t\t<div class=\"elementor-widget-wrap\">\n\t\t\t\t\t\t<div class=\"elementor-element elementor-element-7fcbb51 elementor-widget elementor-widget-spacer\" data-id=\"7fcbb51\" data-element_type=\"widget\" data-widget_type=\"spacer.default\">\n\t\t\t\t<div class=\"elementor-widget-container\">\n\t\t\t\t\t<div class=\"elementor-spacer\">\n\t\t\t<div class=\"elementor-spacer-inner\"><\/div>\n\t\t<\/div>\n\t\t\t\t<\/div>\n\t\t\t\t<\/div>\n\t\t\t\t\t\t<\/div>\n\t\t\t\t\t<\/div>\n\t\t<\/div>\n\t\t\t\t\t\t\t\t<\/div>\n\t\t\t\t\t<\/div>\n\t\t<\/section>\n\t\t\t\t<section class=\"elementor-section elementor-top-section elementor-element elementor-element-0776ec7 elementor-section-boxed elementor-section-height-default elementor-section-height-default\" data-id=\"0776ec7\" data-element_type=\"section\">\n\t\t\t\t\t\t<div class=\"elementor-container elementor-column-gap-default\">\n\t\t\t\t\t\t\t<div class=\"elementor-row\">\n\t\t\t\t\t<div class=\"elementor-column elementor-col-100 elementor-top-column elementor-element elementor-element-42f144d\" data-id=\"42f144d\" data-element_type=\"column\">\n\t\t\t<div class=\"elementor-column-wrap elementor-element-populated\">\n\t\t\t\t\t\t\t<div class=\"elementor-widget-wrap\">\n\t\t\t\t\t\t<div class=\"elementor-element elementor-element-6ddcb45 elementor-widget elementor-widget-image\" data-id=\"6ddcb45\" data-element_type=\"widget\" data-widget_type=\"image.default\">\n\t\t\t\t<div class=\"elementor-widget-container\">\n\t\t\t\t\t\t\t\t<div class=\"elementor-image\">\n\t\t\t\t\t\t\t\t\t\t\t\t<img src=\"https:\/\/ale-okna.t-c.com.pl\/wp-content\/uploads\/2020\/10\/20200701_221350-scaled.jpg\" title=\"\" alt=\"\" \/>\t\t\t\t\t\t\t\t\t\t\t\t\t\t<\/div>\n\t\t\t\t\t\t<\/div>\n\t\t\t\t<\/div>\n\t\t\t\t\t\t<\/div>\n\t\t\t\t\t<\/div>\n\t\t<\/div>\n\t\t\t\t\t\t\t\t<\/div>\n\t\t\t\t\t<\/div>\n\t\t<\/section>\n\t\t\t\t<section class=\"elementor-section elementor-top-section elementor-element elementor-element-86e8bfb elementor-section-boxed elementor-section-height-default elementor-section-height-default\" data-id=\"86e8bfb\" data-element_type=\"section\">\n\t\t\t\t\t\t<div class=\"elementor-container elementor-column-gap-default\">\n\t\t\t\t\t\t\t<div class=\"elementor-row\">\n\t\t\t\t\t<div class=\"elementor-column elementor-col-50 elementor-top-column elementor-element elementor-element-fb7e8df\" data-id=\"fb7e8df\" data-element_type=\"column\" data-settings=\"{&quot;background_background&quot;:&quot;classic&quot;}\">\n\t\t\t<div class=\"elementor-column-wrap elementor-element-populated\">\n\t\t\t\t\t\t\t<div class=\"elementor-widget-wrap\">\n\t\t\t\t\t\t<div class=\"elementor-element elementor-element-1b2d3b3 elementor-widget elementor-widget-image\" data-id=\"1b2d3b3\" data-element_type=\"widget\" data-widget_type=\"image.default\">\n\t\t\t\t<div class=\"elementor-widget-container\">\n\t\t\t\t\t\t\t\t<div class=\"elementor-image\">\n\t\t\t\t\t\t\t\t\t\t\t\t<img width=\"768\" height=\"768\" src=\"https:\/\/ale-okna.pl\/wp-content\/uploads\/2020\/10\/iglo5_Antrycyt-768x768.png\" class=\"attachment-medium_large size-medium_large\" alt=\"\" loading=\"lazy\" srcset=\"https:\/\/ale-okna.pl\/wp-content\/uploads\/2020\/10\/iglo5_Antrycyt-768x768.png 768w, https:\/\/ale-okna.pl\/wp-content\/uploads\/2020\/10\/iglo5_Antrycyt-300x300.png 300w, https:\/\/ale-okna.pl\/wp-content\/uploads\/2020\/10\/iglo5_Antrycyt-1024x1024.png 1024w, https:\/\/ale-okna.pl\/wp-content\/uploads\/2020\/10\/iglo5_Antrycyt-150x150.png 150w, https:\/\/ale-okna.pl\/wp-content\/uploads\/2020\/10\/iglo5_Antrycyt-1536x1536.png 1536w, https:\/\/ale-okna.pl\/wp-content\/uploads\/2020\/10\/iglo5_Antrycyt-2048x2048.png 2048w\" sizes=\"(max-width: 768px) 100vw, 768px\" \/>\t\t\t\t\t\t\t\t\t\t\t\t\t\t<\/div>\n\t\t\t\t\t\t<\/div>\n\t\t\t\t<\/div>\n\t\t\t\t\t\t<\/div>\n\t\t\t\t\t<\/div>\n\t\t<\/div>\n\t\t\t\t<div class=\"elementor-column elementor-col-50 elementor-top-column elementor-element elementor-element-7e147a0\" data-id=\"7e147a0\" data-element_type=\"column\">\n\t\t\t<div class=\"elementor-column-wrap elementor-element-populated\">\n\t\t\t\t\t\t\t<div class=\"elementor-widget-wrap\">\n\t\t\t\t\t\t<div class=\"elementor-element elementor-element-b64d496 elementor-widget elementor-widget-text-editor\" data-id=\"b64d496\" data-element_type=\"widget\" data-widget_type=\"text-editor.default\">\n\t\t\t\t<div class=\"elementor-widget-container\">\n\t\t\t\t\t\t\t\t<div class=\"elementor-text-editor elementor-clearfix\">\n\t\t\t\t<h2>Iglo 5<\/h2><h3>5-komorowe okna Iglo 5<\/h3><h4>Nowoczesne, 5-komorowe okna, kt\u00f3re maj\u0105 bardzo dobre parametry&#8230;<\/h4><p>Okna pozwalaj\u0105ce znacznie ograniczy\u0107 straty ciep\u0142a w mieszkaniu. Wyb<span style=\"font-size: 16px;\">ierz kolor&#8230;.<\/span><\/p>\t\t\t\t\t<\/div>\n\t\t\t\t\t\t<\/div>\n\t\t\t\t<\/div>\n\t\t\t\t<div class=\"elementor-element elementor-element-eef3dd7 elementor-widget elementor-widget-button\" data-id=\"eef3dd7\" data-element_type=\"widget\" data-widget_type=\"button.default\">\n\t\t\t\t<div class=\"elementor-widget-container\">\n\t\t\t\t\t<div class=\"elementor-button-wrapper\">\n\t\t\t<a href=\"#\" class=\"elementor-button-link elementor-button elementor-size-sm\" role=\"button\">\n\t\t\t\t\t\t<span class=\"elementor-button-content-wrapper\">\n\t\t\t\t\t\t<span class=\"elementor-button-text\">Wi\u0119cej informacji<\/span>\n\t\t<\/span>\n\t\t\t\t\t<\/a>\n\t\t<\/div>\n\t\t\t\t<\/div>\n\t\t\t\t<\/div>\n\t\t\t\t\t\t<\/div>\n\t\t\t\t\t<\/div>\n\t\t<\/div>\n\t\t\t\t\t\t\t\t<\/div>\n\t\t\t\t\t<\/div>\n\t\t<\/section>\n\t\t\t\t<section class=\"elementor-section elementor-top-section elementor-element elementor-element-7a39b58 elementor-section-boxed elementor-section-height-default elementor-section-height-default\" data-id=\"7a39b58\" data-element_type=\"section\">\n\t\t\t\t\t\t<div class=\"elementor-container elementor-column-gap-default\">\n\t\t\t\t\t\t\t<div class=\"elementor-row\">\n\t\t\t\t\t<div class=\"elementor-column elementor-col-100 elementor-top-column elementor-element elementor-element-3d36934\" data-id=\"3d36934\" data-element_type=\"column\">\n\t\t\t<div class=\"elementor-column-wrap elementor-element-populated\">\n\t\t\t\t\t\t\t<div class=\"elementor-widget-wrap\">\n\t\t\t\t\t\t<div class=\"elementor-element elementor-element-944115a elementor-widget-divider--view-line elementor-widget elementor-widget-divider\" data-id=\"944115a\" data-element_type=\"widget\" data-widget_type=\"divider.default\">\n\t\t\t\t<div class=\"elementor-widget-container\">\n\t\t\t\t\t<div class=\"elementor-divider\">\n\t\t\t<span class=\"elementor-divider-separator\">\n\t\t\t\t\t\t<\/span>\n\t\t<\/div>\n\t\t\t\t<\/div>\n\t\t\t\t<\/div>\n\t\t\t\t\t\t<\/div>\n\t\t\t\t\t<\/div>\n\t\t<\/div>\n\t\t\t\t\t\t\t\t<\/div>\n\t\t\t\t\t<\/div>\n\t\t<\/section>\n\t\t\t\t<section class=\"elementor-section elementor-top-section elementor-element elementor-element-a0ba5ff elementor-section-boxed elementor-section-height-default elementor-section-height-default\" data-id=\"a0ba5ff\" data-element_type=\"section\">\n\t\t\t\t\t\t<div class=\"elementor-container elementor-column-gap-default\">\n\t\t\t\t\t\t\t<div class=\"elementor-row\">\n\t\t\t\t\t<div class=\"elementor-column elementor-col-33 elementor-top-column elementor-element elementor-element-50c5543\" data-id=\"50c5543\" data-element_type=\"column\">\n\t\t\t<div class=\"elementor-column-wrap elementor-element-populated\">\n\t\t\t\t\t\t\t<div class=\"elementor-widget-wrap\">\n\t\t\t\t\t\t<div class=\"elementor-element elementor-element-c1c6905 elementor-widget elementor-widget-text-editor\" data-id=\"c1c6905\" data-element_type=\"widget\" data-widget_type=\"text-editor.default\">\n\t\t\t\t<div class=\"elementor-widget-container\">\n\t\t\t\t\t\t\t\t<div class=\"elementor-text-editor elementor-clearfix\">\n\t\t\t\t<h3>Szyby<\/h3>\nGrubo\u015b\u0107 szklenia do 40 mm.\nW standardzie pakiet szybowy jednokomorowy o wsp\u00f3\u0142czynniku przenikania ciep\u0142a Ug = 1,0 W\/(m2K) wg PN-EN674.\nMo\u017cliwo\u015b\u0107 zastosowania pakiet\u00f3w o wsp\u00f3\u0142czynniku Ug = 0,6 W\/(m2K).\nMo\u017cliwo\u015b\u0107 zastosowania szyb o podwy\u017cszonej izolacyjno\u015bci akustycznej, hartowanych, bezpiecznych, antyw\u0142amaniowych, ornamentowych, przeciws\u0142onecznych.\t\t\t\t\t<\/div>\n\t\t\t\t\t\t<\/div>\n\t\t\t\t<\/div>\n\t\t\t\t\t\t<\/div>\n\t\t\t\t\t<\/div>\n\t\t<\/div>\n\t\t\t\t<div class=\"elementor-column elementor-col-33 elementor-top-column elementor-element elementor-element-8c74f6f\" data-id=\"8c74f6f\" data-element_type=\"column\">\n\t\t\t<div class=\"elementor-column-wrap elementor-element-populated\">\n\t\t\t\t\t\t\t<div class=\"elementor-widget-wrap\">\n\t\t\t\t\t\t<div class=\"elementor-element elementor-element-094c5b5 elementor-widget elementor-widget-text-editor\" data-id=\"094c5b5\" data-element_type=\"widget\" data-widget_type=\"text-editor.default\">\n\t\t\t\t<div class=\"elementor-widget-container\">\n\t\t\t\t\t\t\t\t<div class=\"elementor-text-editor elementor-clearfix\">\n\t\t\t\t<h3>Profil<\/h3>\n5-komorowe profile ramy i skrzyd\u0142a wykonane wy\u0142\u0105cznie z materia\u0142u pierwotnego w klasie A, o g\u0142\u0119boko\u015bci zabudowy 70 mm.\t\t\t\t\t<\/div>\n\t\t\t\t\t\t<\/div>\n\t\t\t\t<\/div>\n\t\t\t\t\t\t<\/div>\n\t\t\t\t\t<\/div>\n\t\t<\/div>\n\t\t\t\t<div class=\"elementor-column elementor-col-33 elementor-top-column elementor-element elementor-element-6106897\" data-id=\"6106897\" data-element_type=\"column\">\n\t\t\t<div class=\"elementor-column-wrap elementor-element-populated\">\n\t\t\t\t\t\t\t<div class=\"elementor-widget-wrap\">\n\t\t\t\t\t\t<div class=\"elementor-element elementor-element-d8babc2 elementor-widget elementor-widget-text-editor\" data-id=\"d8babc2\" data-element_type=\"widget\" data-widget_type=\"text-editor.default\">\n\t\t\t\t<div class=\"elementor-widget-container\">\n\t\t\t\t\t\t\t\t<div class=\"elementor-text-editor elementor-clearfix\">\n\t\t\t\t<h3>Okucia<\/h3>\nMACO MULTI MATIC KS z dwoma zaczepami antywywa\u017ceniowymi w standardzie pow\u0142oka Silber-Look oraz liniowe zag\u0142\u0119bienia na zasuwnicach i opcjonalnie dost\u0119pne zawiasy ukryte we wr\u0119bie okuciowym; rozwi\u0105zania w klasie antyw\u0142amaniowej RC 2 oraz RC 2N, okno wyposa\u017cone w blokad\u0119 b\u0142\u0119dnego po\u0142o\u017cenia klamki i podno\u015bnik skrzyd\u0142a*, mikrowentylacja w rozw\u00f3rce**. Nowoczesne okucia twin-fit umo\u017cliwiaj\u0105ce podw\u00f3jny uchy\u0142 okna za pomoc\u0105 jednego ruchu klamki.\n\n\n\n*W zale\u017cno\u015bci od wysoko\u015bci okna\n**dla okien uchylno-rozwiernych\t\t\t\t\t<\/div>\n\t\t\t\t\t\t<\/div>\n\t\t\t\t<\/div>\n\t\t\t\t\t\t<\/div>\n\t\t\t\t\t<\/div>\n\t\t<\/div>\n\t\t\t\t\t\t\t\t<\/div>\n\t\t\t\t\t<\/div>\n\t\t<\/section>\n\t\t\t\t<section class=\"elementor-section elementor-top-section elementor-element elementor-element-47cb87b elementor-section-boxed elementor-section-height-default elementor-section-height-default\" data-id=\"47cb87b\" data-element_type=\"section\">\n\t\t\t\t\t\t<div class=\"elementor-container elementor-column-gap-default\">\n\t\t\t\t\t\t\t<div class=\"elementor-row\">\n\t\t\t\t\t<div class=\"elementor-column elementor-col-100 elementor-top-column elementor-element elementor-element-d358ab4\" data-id=\"d358ab4\" data-element_type=\"column\">\n\t\t\t<div class=\"elementor-column-wrap elementor-element-populated\">\n\t\t\t\t\t\t\t<div class=\"elementor-widget-wrap\">\n\t\t\t\t\t\t<div class=\"elementor-element elementor-element-73e705c elementor-arrows-position-inside elementor-pagination-position-outside elementor-widget elementor-widget-image-carousel\" data-id=\"73e705c\" data-element_type=\"widget\" data-settings=\"{&quot;navigation&quot;:&quot;both&quot;,&quot;autoplay&quot;:&quot;yes&quot;,&quot;pause_on_hover&quot;:&quot;yes&quot;,&quot;pause_on_interaction&quot;:&quot;yes&quot;,&quot;autoplay_speed&quot;:5000,&quot;infinite&quot;:&quot;yes&quot;,&quot;speed&quot;:500}\" data-widget_type=\"image-carousel.default\">\n\t\t\t\t<div class=\"elementor-widget-container\">\n\t\t\t\t\t<div class=\"elementor-image-carousel-wrapper swiper-container\" dir=\"ltr\">\n\t\t\t<div class=\"elementor-image-carousel swiper-wrapper\">\n\t\t\t\t\t\t\t\t<div class=\"swiper-slide\"><figure class=\"swiper-slide-inner\"><img class=\"swiper-slide-image\" src=\"https:\/\/ale-okna.pl\/wp-content\/uploads\/2020\/10\/iglo5_Okno-Iglo-5-Winchester-300x300.png\" alt=\"iglo5_Okno-Iglo-5-Winchester\" \/><\/figure><\/div><div class=\"swiper-slide\"><figure class=\"swiper-slide-inner\"><img class=\"swiper-slide-image\" src=\"https:\/\/ale-okna.pl\/wp-content\/uploads\/2020\/10\/iglo5_Lazienka-Iglo-5-HQ-300x169.jpg\" alt=\"iglo5_\u0141azienka Iglo 5 HQ\" \/><\/figure><\/div><div class=\"swiper-slide\"><figure class=\"swiper-slide-inner\"><img class=\"swiper-slide-image\" src=\"https:\/\/ale-okna.pl\/wp-content\/uploads\/2020\/10\/iglo5_Lazienka-Iglo-5-Rama-Renowacyjna-HQ-300x169.jpg\" alt=\"iglo5_\u0141azienka Iglo 5 Rama Renowacyjna HQ\" \/><\/figure><\/div><div class=\"swiper-slide\"><figure class=\"swiper-slide-inner\"><img class=\"swiper-slide-image\" src=\"https:\/\/ale-okna.pl\/wp-content\/uploads\/2020\/10\/iglo5_Iglo-5-Ukryte-zawiasy-Kuchnia-4K-300x206.jpg\" alt=\"iglo5_Iglo 5 Ukryte zawiasy Kuchnia - 4K\" \/><\/figure><\/div><div class=\"swiper-slide\"><figure class=\"swiper-slide-inner\"><img class=\"swiper-slide-image\" src=\"https:\/\/ale-okna.pl\/wp-content\/uploads\/2020\/10\/iglo5_Drzwi-Balkonowe-Iglo-5-Light-Black-Jadalnia-4K-300x169.jpg\" alt=\"iglo5_Drzwi Balkonowe Iglo 5 - Light Black - Jadalnia 4K\" \/><\/figure><\/div>\t\t\t<\/div>\n\t\t\t\t\t\t\t\t\t\t\t\t<div class=\"swiper-pagination\"><\/div>\n\t\t\t\t\t\t\t\t\t\t\t\t\t<div class=\"elementor-swiper-button elementor-swiper-button-prev\">\n\t\t\t\t\t\t<i aria-hidden=\"true\" class=\"eicon-chevron-left\"><\/i>\t\t\t\t\t\t<span class=\"elementor-screen-only\">Poprzednie<\/span>\n\t\t\t\t\t<\/div>\n\t\t\t\t\t<div class=\"elementor-swiper-button elementor-swiper-button-next\">\n\t\t\t\t\t\t<i aria-hidden=\"true\" class=\"eicon-chevron-right\"><\/i>\t\t\t\t\t\t<span class=\"elementor-screen-only\">Nast\u0119pne<\/span>\n\t\t\t\t\t<\/div>\n\t\t\t\t\t\t\t\t\t<\/div>\n\t\t\t\t<\/div>\n\t\t\t\t<\/div>\n\t\t\t\t\t\t<\/div>\n\t\t\t\t\t<\/div>\n\t\t<\/div>\n\t\t\t\t\t\t\t\t<\/div>\n\t\t\t\t\t<\/div>\n\t\t<\/section>\n\t\t\t\t\t\t<\/div>\n\t\t\t\t\t\t<\/div>\n\t\t\t\t\t<\/div>\n\t\t","protected":false},"excerpt":{"rendered":"<p>Iglo 5 5-komorowe okna Iglo 5 Nowoczesne, 5-komorowe okna, kt\u00f3re maj\u0105 bardzo dobre parametry&#8230; Okna pozwalaj\u0105ce znacznie ograniczy\u0107 straty ciep\u0142a w mieszkaniu. Wybierz kolor&#8230;. Wi\u0119cej informacji Szyby Grubo\u015b\u0107 szklenia do 40 mm. W standardzie pakiet szybowy jednokomorowy o wsp\u00f3\u0142czynniku przenikania ciep\u0142a Ug = 1,0 W\/(m2K) wg PN-EN674. Mo\u017cliwo\u015b\u0107 zastosowania pakiet\u00f3w o wsp\u00f3\u0142czynniku Ug = 0,6 &hellip;<\/p>\n<p class=\"read-more\"> <a class=\"\" href=\"https:\/\/ale-okna.pl\/?page_id=1018\"> <span class=\"screen-reader-text\">Monta\u017c<\/span> Read More &raquo;<\/a><\/p>\n","protected":false},"author":1,"featured_media":673,"parent":0,"menu_order":0,"comment_status":"closed","ping_status":"closed","template":"","meta":[],"_links":{"self":[{"href":"https:\/\/ale-okna.pl\/index.php?rest_route=\/wp\/v2\/pages\/1018"}],"collection":[{"href":"https:\/\/ale-okna.pl\/index.php?rest_route=\/wp\/v2\/pages"}],"about":[{"href":"https:\/\/ale-okna.pl\/index.php?rest_route=\/wp\/v2\/types\/page"}],"author":[{"embeddable":true,"href":"https:\/\/ale-okna.pl\/index.php?rest_route=\/wp\/v2\/users\/1"}],"replies":[{"embeddable":true,"href":"https:\/\/ale-okna.pl\/index.php?rest_route=%2Fwp%2Fv2%2Fcomments&post=1018"}],"version-history":[{"count":1,"href":"https:\/\/ale-okna.pl\/index.php?rest_route=\/wp\/v2\/pages\/1018\/revisions"}],"predecessor-version":[{"id":1019,"href":"https:\/\/ale-okna.pl\/index.php?rest_route=\/wp\/v2\/pages\/1018\/revisions\/1019"}],"wp:featuredmedia":[{"embeddable":true,"href":"https:\/\/ale-okna.pl\/index.php?rest_route=\/wp\/v2\/media\/673"}],"wp:attachment":[{"href":"https:\/\/ale-okna.pl\/index.php?rest_route=%2Fwp%2Fv2%2Fmedia&parent=1018"}],"curies":[{"name":"wp","href":"https:\/\/api.w.org\/{rel}","templated":true}]}}